{"id":2190,"date":"2017-11-30T15:58:07","date_gmt":"2017-11-30T14:58:07","guid":{"rendered":"http:\/\/danse-classique.com\/?page_id=2190"},"modified":"2017-12-03T12:11:52","modified_gmt":"2017-12-03T11:11:52","slug":"photos_gala_2013","status":"publish","type":"page","link":"https:\/\/danse-classique.com\/index.php\/galerie-photos\/photos_galas\/photos_gala_2013\/","title":{"rendered":"Photos_Gala_2013"},"content":{"rendered":"<p>[et_pb_section bb_built=&#8221;1&#8243; _builder_version=&#8221;3.0.90&#8243; custom_margin=&#8221;0px|||&#8221; custom_padding=&#8221;0px|||&#8221;][et_pb_row custom_padding=&#8221;0px||0px|&#8221; custom_margin=&#8221;0px||0px|&#8221; _builder_version=&#8221;3.0.90&#8243;][et_pb_column type=&#8221;4_4&#8243;][et_pb_code _builder_version=&#8221;3.0.89&#8243;]<span><span><a href=\"https:\/\/danse-classique.com\/\">Accueil<\/a><\/span><\/span>&lt;!&#8211; [et_pb_line_break_holder] &#8211;&gt;[\/et_pb_code][\/et_pb_column][\/et_pb_row][et_pb_row custom_padding=&#8221;0px||0px|&#8221; custom_margin=&#8221;0px||0|&#8221; make_equal=&#8221;on&#8221; _builder_version=&#8221;3.0.90&#8243; module_alignment=&#8221;center&#8221;][et_pb_column type=&#8221;4_4&#8243;][et_pb_text admin_label=&#8221;Gala_2013&#8243; _builder_version=&#8221;3.0.90&#8243; text_line_height=&#8221;2.4em&#8221; background_image=&#8221;http:\/\/danse-classique.com\/wp-content\/uploads\/2017\/12\/bandeau_NB.jpg&#8221; custom_margin=&#8221;0px||0px|&#8221; custom_padding=&#8221;0px||0px|&#8221; background_layout=&#8221;light&#8221;]<\/p>\n<h4 style=\"text-align: center;\"><span style=\"font-size: 18pt; color: #800080;\"><strong><span style=\"font-family: 'arial black', sans-serif;\"><br \/>\nPhotos d<\/span><\/strong><\/span><strong style=\"color: #800080; font-size: 18pt;\"><span style=\"font-family: 'arial black', sans-serif;\">u Gala 2013<\/span><\/strong><\/h4>\n<p>[\/et_pb_text][\/et_pb_column][\/et_pb_row][et_pb_row custom_padding=&#8221;22px|0px|27px|0px&#8221; _builder_version=&#8221;3.0.47&#8243; background_size=&#8221;initial&#8221; background_position=&#8221;top_left&#8221; background_repeat=&#8221;repeat&#8221;][et_pb_column type=&#8221;1_3&#8243;][et_pb_image admin_label=&#8221;photo_bolero&#8221; src=&#8221;http:\/\/danse-classique.com\/wp-content\/uploads\/Photos_Galas\/Gala_2013\/Bolero\/P1003.jpg&#8221; _builder_version=&#8221;3.0.89&#8243;]<br \/>\n[\/et_pb_image][et_pb_button button_url=&#8221;http:\/\/danse-classique.com\/index.php\/galerie-photos\/photos_galas\/photos_gala_2013\/gala_2013_defile\/&#8221; url_new_window=&#8221;on&#8221; button_text=&#8221;D\u00e9fil\u00e9 Bol\u00e9ro&#8221; button_alignment=&#8221;center&#8221; _builder_version=&#8221;3.0.89&#8243; custom_button=&#8221;on&#8221; button_text_color=&#8221;#ecef37&#8243; button_bg_color=&#8221;#515151&#8243; button_border_width=&#8221;4&#8243;]<br \/>\n[\/et_pb_button][\/et_pb_column][et_pb_column type=&#8221;1_3&#8243;][et_pb_image admin_label=&#8221;photo_litterature&#8221; src=&#8221;http:\/\/danse-classique.com\/wp-content\/uploads\/Photos_Galas\/Gala_2013\/Villes\/P3159.jpg&#8221; align=&#8221;center&#8221; _builder_version=&#8221;3.0.89&#8243;]<br \/>\n[\/et_pb_image][et_pb_button button_url=&#8221;http:\/\/danse-classique.com\/index.php\/galerie-photos\/photos_galas\/photos_gala_2013\/gala_2013_litterature-2\/&#8221; url_new_window=&#8221;on&#8221; button_text=&#8221;La litt\u00e9rature qui danse&#8221; button_alignment=&#8221;center&#8221; _builder_version=&#8221;3.0.89&#8243; custom_button=&#8221;on&#8221; button_text_color=&#8221;#ecef37&#8243; button_bg_color=&#8221;#515151&#8243; button_border_width=&#8221;4&#8243;]<br \/>\n[\/et_pb_button][\/et_pb_column][et_pb_column type=&#8221;1_3&#8243;][et_pb_image admin_label=&#8221;photo_trois_villes&#8221; src=&#8221;http:\/\/danse-classique.com\/wp-content\/uploads\/Photos_Galas\/Gala_2013\/Villes\/P3534.jpg&#8221; _builder_version=&#8221;3.0.89&#8243;]<br \/>\n[\/et_pb_image][et_pb_button button_url=&#8221;http:\/\/danse-classique.com\/index.php\/galerie-photos\/photos_galas\/photos_gala_2013\/gala_2013_villes\/&#8221; button_text=&#8221;Trois villes qui dansent&#8221; button_alignment=&#8221;center&#8221; _builder_version=&#8221;3.0.89&#8243; custom_button=&#8221;on&#8221; button_text_color=&#8221;#ecef37&#8243; button_bg_color=&#8221;#515151&#8243; button_border_width=&#8221;4&#8243;]<br \/>\n[\/et_pb_button][\/et_pb_column][\/et_pb_row][\/et_pb_section]<\/p>\n","protected":false},"excerpt":{"rendered":"<p><span><span><a href=\"https:\/\/danse-classique.com\/\">Accueil<\/a><\/span><\/span>&lt;!&#8211; [et_pb_line_break_holder] &#8211;&gt; Photos du Gala 2013<\/p>\n","protected":false},"author":1,"featured_media":0,"parent":128,"menu_order":0,"comment_status":"closed","ping_status":"closed","template":"","meta":{"_et_pb_use_builder":"on","_et_pb_old_content":"","_et_gb_content_width":"","footnotes":""},"class_list":["post-2190","page","type-page","status-publish","hentry"],"yoast_head":"<!-- This site is optimized with the Yoast SEO plugin v23.9 - https:\/\/yoast.com\/wordpress\/plugins\/seo\/ -->\n<title>Photos_Gala_2013 - ECOLE de DANSE CLASSIQUE de JUVIGNAC<\/title>\n<meta name=\"robots\" content=\"index, follow, max-snippet:-1, max-image-preview:large, max-video-preview:-1\" \/>\n<link rel=\"canonical\" href=\"https:\/\/danse-classique.com\/index.php\/galerie-photos\/photos_galas\/photos_gala_2013\/\" \/>\n<meta property=\"og:locale\" content=\"fr_FR\" \/>\n<meta property=\"og:type\" content=\"article\" \/>\n<meta property=\"og:title\" content=\"Photos_Gala_2013 - ECOLE de DANSE CLASSIQUE de JUVIGNAC\" \/>\n<meta property=\"og:description\" content=\"&lt;!-- [et_pb_line_break_holder] --&gt; Photos du Gala 2013\" \/>\n<meta property=\"og:url\" content=\"https:\/\/danse-classique.com\/index.php\/galerie-photos\/photos_galas\/photos_gala_2013\/\" \/>\n<meta property=\"og:site_name\" content=\"ECOLE de DANSE CLASSIQUE de JUVIGNAC\" \/>\n<meta property=\"article:publisher\" content=\"https:\/\/www.facebook.com\/profile.php?id=100014698264275\" \/>\n<meta property=\"article:modified_time\" content=\"2017-12-03T11:11:52+00:00\" \/>\n<meta name=\"twitter:card\" content=\"summary_large_image\" \/>\n<meta name=\"twitter:label1\" content=\"Dur\u00e9e de lecture estim\u00e9e\" \/>\n\t<meta name=\"twitter:data1\" content=\"2 minutes\" \/>\n<script type=\"application\/ld+json\" class=\"yoast-schema-graph\">{\"@context\":\"https:\/\/schema.org\",\"@graph\":[{\"@type\":\"WebPage\",\"@id\":\"https:\/\/danse-classique.com\/index.php\/galerie-photos\/photos_galas\/photos_gala_2013\/\",\"url\":\"https:\/\/danse-classique.com\/index.php\/galerie-photos\/photos_galas\/photos_gala_2013\/\",\"name\":\"Photos_Gala_2013 - ECOLE de DANSE CLASSIQUE de JUVIGNAC\",\"isPartOf\":{\"@id\":\"https:\/\/danse-classique.com\/#website\"},\"datePublished\":\"2017-11-30T14:58:07+00:00\",\"dateModified\":\"2017-12-03T11:11:52+00:00\",\"breadcrumb\":{\"@id\":\"https:\/\/danse-classique.com\/index.php\/galerie-photos\/photos_galas\/photos_gala_2013\/#breadcrumb\"},\"inLanguage\":\"fr-FR\",\"potentialAction\":[{\"@type\":\"ReadAction\",\"target\":[\"https:\/\/danse-classique.com\/index.php\/galerie-photos\/photos_galas\/photos_gala_2013\/\"]}]},{\"@type\":\"BreadcrumbList\",\"@id\":\"https:\/\/danse-classique.com\/index.php\/galerie-photos\/photos_galas\/photos_gala_2013\/#breadcrumb\",\"itemListElement\":[{\"@type\":\"ListItem\",\"position\":1,\"name\":\"Accueil\",\"item\":\"https:\/\/danse-classique.com\/\"},{\"@type\":\"ListItem\",\"position\":2,\"name\":\"Galerie Photos\",\"item\":\"https:\/\/danse-classique.com\/index.php\/galerie-photos\/\"},{\"@type\":\"ListItem\",\"position\":3,\"name\":\"Photos_Galas\",\"item\":\"https:\/\/danse-classique.com\/index.php\/galerie-photos\/photos_galas\/\"},{\"@type\":\"ListItem\",\"position\":4,\"name\":\"Photos_Gala_2013\"}]},{\"@type\":\"WebSite\",\"@id\":\"https:\/\/danse-classique.com\/#website\",\"url\":\"https:\/\/danse-classique.com\/\",\"name\":\"ECOLE de DANSE CLASSIQUE de JUVIGNAC\",\"description\":\"Votre \u00e9cole de Danse depuis 40 ans\",\"publisher\":{\"@id\":\"https:\/\/danse-classique.com\/#organization\"},\"potentialAction\":[{\"@type\":\"SearchAction\",\"target\":{\"@type\":\"EntryPoint\",\"urlTemplate\":\"https:\/\/danse-classique.com\/?s={search_term_string}\"},\"query-input\":{\"@type\":\"PropertyValueSpecification\",\"valueRequired\":true,\"valueName\":\"search_term_string\"}}],\"inLanguage\":\"fr-FR\"},{\"@type\":\"Organization\",\"@id\":\"https:\/\/danse-classique.com\/#organization\",\"name\":\"ECOLE DE DANSE CLASSQIUE DE JUVIGNAC\",\"url\":\"https:\/\/danse-classique.com\/\",\"logo\":{\"@type\":\"ImageObject\",\"inLanguage\":\"fr-FR\",\"@id\":\"https:\/\/danse-classique.com\/#\/schema\/logo\/image\/\",\"url\":\"https:\/\/danse-classique.com\/wp-content\/uploads\/Photos_Galas\/Gala_2015\/Aladdin\/PL1679.jpg\",\"contentUrl\":\"https:\/\/danse-classique.com\/wp-content\/uploads\/Photos_Galas\/Gala_2015\/Aladdin\/PL1679.jpg\",\"width\":1632,\"height\":2448,\"caption\":\"ECOLE DE DANSE CLASSQIUE DE JUVIGNAC\"},\"image\":{\"@id\":\"https:\/\/danse-classique.com\/#\/schema\/logo\/image\/\"},\"sameAs\":[\"https:\/\/www.facebook.com\/profile.php?id=100014698264275\"]}]}<\/script>\n<!-- \/ Yoast SEO plugin. -->","yoast_head_json":{"title":"Photos_Gala_2013 - ECOLE de DANSE CLASSIQUE de JUVIGNAC","robots":{"index":"index","follow":"follow","max-snippet":"max-snippet:-1","max-image-preview":"max-image-preview:large","max-video-preview":"max-video-preview:-1"},"canonical":"https:\/\/danse-classique.com\/index.php\/galerie-photos\/photos_galas\/photos_gala_2013\/","og_locale":"fr_FR","og_type":"article","og_title":"Photos_Gala_2013 - ECOLE de DANSE CLASSIQUE de JUVIGNAC","og_description":"&lt;!-- [et_pb_line_break_holder] --&gt; Photos du Gala 2013","og_url":"https:\/\/danse-classique.com\/index.php\/galerie-photos\/photos_galas\/photos_gala_2013\/","og_site_name":"ECOLE de DANSE CLASSIQUE de JUVIGNAC","article_publisher":"https:\/\/www.facebook.com\/profile.php?id=100014698264275","article_modified_time":"2017-12-03T11:11:52+00:00","twitter_card":"summary_large_image","twitter_misc":{"Dur\u00e9e de lecture estim\u00e9e":"2 minutes"},"schema":{"@context":"https:\/\/schema.org","@graph":[{"@type":"WebPage","@id":"https:\/\/danse-classique.com\/index.php\/galerie-photos\/photos_galas\/photos_gala_2013\/","url":"https:\/\/danse-classique.com\/index.php\/galerie-photos\/photos_galas\/photos_gala_2013\/","name":"Photos_Gala_2013 - ECOLE de DANSE CLASSIQUE de JUVIGNAC","isPartOf":{"@id":"https:\/\/danse-classique.com\/#website"},"datePublished":"2017-11-30T14:58:07+00:00","dateModified":"2017-12-03T11:11:52+00:00","breadcrumb":{"@id":"https:\/\/danse-classique.com\/index.php\/galerie-photos\/photos_galas\/photos_gala_2013\/#breadcrumb"},"inLanguage":"fr-FR","potentialAction":[{"@type":"ReadAction","target":["https:\/\/danse-classique.com\/index.php\/galerie-photos\/photos_galas\/photos_gala_2013\/"]}]},{"@type":"BreadcrumbList","@id":"https:\/\/danse-classique.com\/index.php\/galerie-photos\/photos_galas\/photos_gala_2013\/#breadcrumb","itemListElement":[{"@type":"ListItem","position":1,"name":"Accueil","item":"https:\/\/danse-classique.com\/"},{"@type":"ListItem","position":2,"name":"Galerie Photos","item":"https:\/\/danse-classique.com\/index.php\/galerie-photos\/"},{"@type":"ListItem","position":3,"name":"Photos_Galas","item":"https:\/\/danse-classique.com\/index.php\/galerie-photos\/photos_galas\/"},{"@type":"ListItem","position":4,"name":"Photos_Gala_2013"}]},{"@type":"WebSite","@id":"https:\/\/danse-classique.com\/#website","url":"https:\/\/danse-classique.com\/","name":"ECOLE de DANSE CLASSIQUE de JUVIGNAC","description":"Votre \u00e9cole de Danse depuis 40 ans","publisher":{"@id":"https:\/\/danse-classique.com\/#organization"},"potentialAction":[{"@type":"SearchAction","target":{"@type":"EntryPoint","urlTemplate":"https:\/\/danse-classique.com\/?s={search_term_string}"},"query-input":{"@type":"PropertyValueSpecification","valueRequired":true,"valueName":"search_term_string"}}],"inLanguage":"fr-FR"},{"@type":"Organization","@id":"https:\/\/danse-classique.com\/#organization","name":"ECOLE DE DANSE CLASSQIUE DE JUVIGNAC","url":"https:\/\/danse-classique.com\/","logo":{"@type":"ImageObject","inLanguage":"fr-FR","@id":"https:\/\/danse-classique.com\/#\/schema\/logo\/image\/","url":"https:\/\/danse-classique.com\/wp-content\/uploads\/Photos_Galas\/Gala_2015\/Aladdin\/PL1679.jpg","contentUrl":"https:\/\/danse-classique.com\/wp-content\/uploads\/Photos_Galas\/Gala_2015\/Aladdin\/PL1679.jpg","width":1632,"height":2448,"caption":"ECOLE DE DANSE CLASSQIUE DE JUVIGNAC"},"image":{"@id":"https:\/\/danse-classique.com\/#\/schema\/logo\/image\/"},"sameAs":["https:\/\/www.facebook.com\/profile.php?id=100014698264275"]}]}},"_links":{"self":[{"href":"https:\/\/danse-classique.com\/index.php\/wp-json\/wp\/v2\/pages\/2190","targetHints":{"allow":["GET"]}}],"collection":[{"href":"https:\/\/danse-classique.com\/index.php\/wp-json\/wp\/v2\/pages"}],"about":[{"href":"https:\/\/danse-classique.com\/index.php\/wp-json\/wp\/v2\/types\/page"}],"author":[{"embeddable":true,"href":"https:\/\/danse-classique.com\/index.php\/wp-json\/wp\/v2\/users\/1"}],"replies":[{"embeddable":true,"href":"https:\/\/danse-classique.com\/index.php\/wp-json\/wp\/v2\/comments?post=2190"}],"version-history":[{"count":26,"href":"https:\/\/danse-classique.com\/index.php\/wp-json\/wp\/v2\/pages\/2190\/revisions"}],"predecessor-version":[{"id":2336,"href":"https:\/\/danse-classique.com\/index.php\/wp-json\/wp\/v2\/pages\/2190\/revisions\/2336"}],"up":[{"embeddable":true,"href":"https:\/\/danse-classique.com\/index.php\/wp-json\/wp\/v2\/pages\/128"}],"wp:attachment":[{"href":"https:\/\/danse-classique.com\/index.php\/wp-json\/wp\/v2\/media?parent=2190"}],"curies":[{"name":"wp","href":"https:\/\/api.w.org\/{rel}","templated":true}]}}