{"id":2543,"date":"2018-01-25T12:24:11","date_gmt":"2018-01-25T11:24:11","guid":{"rendered":"http:\/\/danse-classique.com\/?page_id=2543"},"modified":"2025-08-30T12:17:14","modified_gmt":"2025-08-30T10:17:14","slug":"modalites","status":"publish","type":"page","link":"https:\/\/danse-classique.com\/index.php\/inscription-danse-classique-juvignac\/modalites\/","title":{"rendered":"Modalit\u00e9s"},"content":{"rendered":"<p>[et_pb_section fb_built=&#8221;1&#8243; _builder_version=&#8221;4.17.6&#8243; background_color=&#8221;#2c1eea&#8221; background_enable_image=&#8221;off&#8221; parallax=&#8221;on&#8221; background_blend=&#8221;lighten&#8221; custom_margin=&#8221;5px|||&#8221; custom_padding=&#8221;5px|0px|10px|0px&#8221; global_colors_info=&#8221;{}&#8221;][et_pb_row column_structure=&#8221;1_5,1_5,1_5,1_5,1_5&#8243; _builder_version=&#8221;4.16&#8243; background_size=&#8221;initial&#8221; background_position=&#8221;top_left&#8221; background_repeat=&#8221;repeat&#8221; custom_padding=&#8221;10px|0px|10px|0px&#8221; locked=&#8221;off&#8221; global_colors_info=&#8221;{}&#8221;][et_pb_column type=&#8221;1_5&#8243; _builder_version=&#8221;4.16&#8243; custom_padding=&#8221;|||&#8221; global_colors_info=&#8221;{}&#8221; custom_padding__hover=&#8221;|||&#8221;][et_pb_button button_url=&#8221;@ET-DC@eyJkeW5hbWljIjp0cnVlLCJjb250ZW50IjoicG9zdF9saW5rX3VybF9wYWdlIiwic2V0dGluZ3MiOnsicG9zdF9pZCI6IjYzNDMifX0=@&#8221; button_text=&#8221;Planning des Cours&#8221; button_alignment=&#8221;center&#8221; admin_label=&#8221;Planning&#8221; _builder_version=&#8221;4.16&#8243; _dynamic_attributes=&#8221;button_url&#8221; _module_preset=&#8221;default&#8221; custom_button=&#8221;on&#8221; button_text_size=&#8221;13px&#8221; background_layout=&#8221;dark&#8221; global_colors_info=&#8221;{}&#8221;][\/et_pb_button][\/et_pb_column][et_pb_column type=&#8221;1_5&#8243; _builder_version=&#8221;4.16&#8243; custom_padding=&#8221;|||&#8221; global_colors_info=&#8221;{}&#8221; custom_padding__hover=&#8221;|||&#8221;][et_pb_button button_url=&#8221;@ET-DC@eyJkeW5hbWljIjp0cnVlLCJjb250ZW50IjoicG9zdF9saW5rX3VybF9wYWdlIiwic2V0dGluZ3MiOnsicG9zdF9pZCI6IjI1NDMifX0=@&#8221; button_text=&#8221;Modalites d&#8217;Inscription&#8221; button_alignment=&#8221;center&#8221; admin_label=&#8221;Inscription&#8221; _builder_version=&#8221;4.16&#8243; _dynamic_attributes=&#8221;button_url&#8221; _module_preset=&#8221;default&#8221; custom_button=&#8221;on&#8221; button_text_size=&#8221;13px&#8221; background_layout=&#8221;dark&#8221; global_colors_info=&#8221;{}&#8221;][\/et_pb_button][\/et_pb_column][et_pb_column type=&#8221;1_5&#8243; _builder_version=&#8221;4.16&#8243; custom_padding=&#8221;|||&#8221; global_colors_info=&#8221;{}&#8221; custom_padding__hover=&#8221;|||&#8221;][et_pb_button button_url=&#8221;@ET-DC@eyJkeW5hbWljIjp0cnVlLCJjb250ZW50IjoicG9zdF9saW5rX3VybF9wYWdlIiwic2V0dGluZ3MiOnsicG9zdF9pZCI6IjI1MTgifX0=@&#8221; button_text=&#8221;Tarifs 2025-2026&#8243; button_alignment=&#8221;center&#8221; admin_label=&#8221;Tarifs&#8221; _builder_version=&#8221;4.27.4&#8243; _dynamic_attributes=&#8221;button_url&#8221; _module_preset=&#8221;default&#8221; custom_button=&#8221;on&#8221; button_text_size=&#8221;13px&#8221; background_layout=&#8221;dark&#8221; global_colors_info=&#8221;{}&#8221;][\/et_pb_button][\/et_pb_column][et_pb_column type=&#8221;1_5&#8243; _builder_version=&#8221;4.16&#8243; custom_padding=&#8221;|||&#8221; global_colors_info=&#8221;{}&#8221; custom_padding__hover=&#8221;|||&#8221;][et_pb_button button_url=&#8221;@ET-DC@eyJkeW5hbWljIjp0cnVlLCJjb250ZW50IjoicG9zdF9saW5rX3VybF9wYWdlIiwic2V0dGluZ3MiOnsicG9zdF9pZCI6IjI1MzUifX0=@&#8221; button_text=&#8221;R\u00e8glement cotisation&#8221; button_alignment=&#8221;center&#8221; admin_label=&#8221;Cotisations&#8221; _builder_version=&#8221;4.16&#8243; _dynamic_attributes=&#8221;button_url&#8221; _module_preset=&#8221;default&#8221; custom_button=&#8221;on&#8221; button_text_size=&#8221;13px&#8221; background_layout=&#8221;dark&#8221; global_colors_info=&#8221;{}&#8221;][\/et_pb_button][\/et_pb_column][et_pb_column type=&#8221;1_5&#8243; _builder_version=&#8221;4.16&#8243; custom_padding=&#8221;|||&#8221; global_colors_info=&#8221;{}&#8221; custom_padding__hover=&#8221;|||&#8221;][et_pb_button button_url=&#8221;@ET-DC@eyJkeW5hbWljIjp0cnVlLCJjb250ZW50IjoicG9zdF9saW5rX3VybF9wYWdlIiwic2V0dGluZ3MiOnsicG9zdF9pZCI6IjI1MTkifX0=@&#8221; button_text=&#8221;R\u00e8glement Int\u00e9rieur&#8221; button_alignment=&#8221;center&#8221; admin_label=&#8221;Reg Int&#8221; _builder_version=&#8221;4.16&#8243; _dynamic_attributes=&#8221;button_url&#8221; _module_preset=&#8221;default&#8221; custom_button=&#8221;on&#8221; button_text_size=&#8221;13px&#8221; background_layout=&#8221;dark&#8221; global_colors_info=&#8221;{}&#8221;][\/et_pb_button][\/et_pb_column][\/et_pb_row][et_pb_row module_class=&#8221; et_pb_row_fullwidth&#8221; _builder_version=&#8221;4.17.6&#8243; background_color=&#8221;#efefd5&#8243; background_size=&#8221;initial&#8221; background_position=&#8221;top_left&#8221; background_repeat=&#8221;repeat&#8221; width=&#8221;89%&#8221; width_tablet=&#8221;80%&#8221; width_phone=&#8221;&#8221; width_last_edited=&#8221;on|desktop&#8221; max_width=&#8221;89%&#8221; max_width_tablet=&#8221;80%&#8221; max_width_phone=&#8221;&#8221; max_width_last_edited=&#8221;on|desktop&#8221; custom_padding=&#8221;14px|0px|27px|0px&#8221; make_fullwidth=&#8221;on&#8221; global_colors_info=&#8221;{}&#8221;][et_pb_column type=&#8221;4_4&#8243; _builder_version=&#8221;4.16&#8243; custom_padding=&#8221;|||&#8221; global_colors_info=&#8221;{}&#8221; custom_padding__hover=&#8221;|||&#8221;][et_pb_text admin_label=&#8221;Modalit\u00e9s d&#8217;Inscription&#8221; _builder_version=&#8221;4.27.4&#8243; custom_padding=&#8221;||1px|||&#8221; global_colors_info=&#8221;{}&#8221;]<\/p>\n<p style=\"text-align: center;\"><span style=\"font-size: 24pt; color: #800080;\" wfd-id=\"68\"><strong><span style=\"font-family: arial, helvetica, sans-serif;\" wfd-id=\"69\">MODALITES D&#8217;INSCRIPTION<\/span><\/strong><\/span><span style=\"font-size: 24pt; background-color: #800080; color: #ffffff;\" wfd-id=\"66\"><strong><span style=\"font-family: arial, helvetica, sans-serif;\" wfd-id=\"67\"><br \/><\/span><\/strong><\/span><span style=\"font-size: 24pt; color: #800080;\" wfd-id=\"63\"><strong><span style=\"font-family: arial, helvetica, sans-serif;\" wfd-id=\"64\"><span style=\"font-size: 18pt;\" wfd-id=\"65\">Saison 2025 &#8211; 2026<\/span><\/span><\/strong><\/span><\/p>\n<p>[\/et_pb_text][et_pb_text _builder_version=&#8221;4.27.4&#8243; min_height=&#8221;793.9px&#8221; custom_margin=&#8221;-28px|||||&#8221; custom_padding=&#8221;|||26px|false|false&#8221; filter_contrast=&#8221;114%&#8221; hover_enabled=&#8221;0&#8243; inline_fonts=&#8221;Arial&#8221; global_colors_info=&#8221;{}&#8221; sticky_enabled=&#8221;0&#8243;]<\/p>\n<p style=\"text-align: center;\"><strong style=\"font-size: large;\"><span style=\"color: #000000; font-family: Verdana;\" wfd-id=\"18473\">Pour la saison 2025-2026, les inscriptions se font<\/span><\/strong><\/p>\n<p style=\"text-align: center;\"><span wfd-id=\"18469\" style=\"color: #000000; font-size: 14pt; font-family: 'comic sans ms', sans-serif;\"><strong><span style=\"font-family: Verdana;\" wfd-id=\"18470\">\u00e0 <span wfd-id=\"18562\">la Salle de Danse du Complexe Lionel de Brunelis<br \/><\/span><\/span><\/strong><\/span><span style=\"color: #000000; font-size: 14pt; font-family: 'comic sans ms', sans-serif;\" wfd-id=\"18469\"><strong>( <\/strong><a href=\"https:\/\/danse-classique.com\/index.php\/nelson-mandela\/\" target=\"_blank\" rel=\"noopener noreferrer\" title=\"Plan acc\u00e8s Ecole Nelson Mandela\">voir Plan d&#8217;acc\u00e8s<\/a><strong> )<\/strong><\/span><\/p>\n<p style=\"text-align: center;\"><span style=\"font-size: large;\"><span style=\"color: #660000;\"><strong>les Lundi 8 Sept, Mardi 9 Sept, Jeudi 11 Sept et Vendredi 12 Sept de <\/strong><\/span><\/span><span style=\"font-size: large;\"><span style=\"color: #660000;\"><strong>17h00 \u00e0 19h30<br \/><\/strong><\/span><\/span><span style=\"font-size: large;\"><span style=\"color: #660000;\"><strong>et le Mercredi 10 Sept de 16h \u00e0 19h30<br \/>et pour les retardataires, le Samedi 13 Septembre 25<br \/>lors du Village des Associations de 14h \u00e0 18h au Complexe Lionel de Brun\u00e9lis<\/strong><\/span><\/span><span style=\"font-size: large;\"><span style=\"color: #660000;\"><strong><\/strong><\/span><\/span><\/p>\n<p style=\"text-align: center;\">\u00a0<span style=\"color: #0000ff; font-family: Verdana; font-weight: normal;\" wfd-id=\"18466\">\u00a0<\/span><span style=\"font-family: Verdana; font-size: 22px; color: #333333;\">\u00a0<\/span><span wfd-id=\"18463\" style=\"font-family: Verdana; font-size: 22px; color: #000000;\">Renseignements\u00a0par t\u00e9l\u00e9phone<br \/><\/span><span wfd-id=\"18463\" style=\"font-family: Verdana; font-size: 22px; color: #000000;\">au <span style=\"font-size: 12pt;\" wfd-id=\"18464\"><strong>06.88.13.10.55\u00a0 \u00a0<\/strong><\/span><\/span><\/p>\n<p style=\"text-align: left;\"><span style=\"color: #000080;\"><span style=\"color: #000080;\"><span style=\"color: #000080;\">1 &#8211; compl\u00e9ter et signer la fiche d&#8217;inscription\u00a0 <\/span><\/span><\/span><span style=\"color: #ff0000;\"><a href=\"https:\/\/danse-classique.com\/wp-content\/uploads\/2025\/07\/Fiche-Inscrip-2025-26-EDDC-A4.pdf\" style=\"color: #ff0000;\">(<\/a><a href=\"https:\/\/danse-classique.com\/wp-content\/uploads\/2025\/07\/Fiche-Inscrip-2025-26-EDDC-A4.pdf\" title=\"Fiche d'inscription 2025-26\" target=\"_blank\" rel=\"noopener\" style=\"color: #ff0000;\">charger la fiche d&#8217;inscription<\/a><a href=\"https:\/\/danse-classique.com\/wp-content\/uploads\/2025\/07\/Fiche-Inscrip-2025-26-EDDC-A4.pdf\" style=\"color: #ff0000;\" title=\"Fiche Inscription 2025-26\"><span style=\"font-size: 14px; text-align: left;\">)<\/span><\/a><\/span><\/p>\n<p style=\"text-align: left;\"><span style=\"color: #000080;\"><span style=\"color: #000080;\"><span style=\"color: #000080;\">2 &#8211; au <strong>niveau m\u00e9dical<\/strong>, avoir fourni pour les <strong>adh\u00e9rents majeurs <\/strong>:<br \/>&gt; un certificat m\u00e9dical dat\u00e9 de moins de six mois attestant l\u2019absence de contre-indication \u00e0 la pratique de la danse.<br \/><\/span><\/span><\/span><span style=\"color: #000080;\"><span style=\"color: #000080;\"><span style=\"color: #000080;\">Ce certificat reste valable valable trois ans<br \/><\/span><\/span><\/span><\/p>\n<p style=\"text-align: left;\"><span style=\"color: #000080;\"><span style=\"color: #000080;\"><span style=\"color: #000080;\">2 bis- au <strong>niveau m\u00e9dical<\/strong>, pour les <strong>adh\u00e9rents mineurs<\/strong> (- de 18 ans au au 15 Septembre 2025) avoir fourni :<br \/>&gt; soit l\u2019attestation sur l&#8217;honneur de non contre indication m\u00e9dicale \u00e0 la pratique de la danse <span style=\"color: #ff0000;\">(<a style=\"color: #ff0000;\" href=\"https:\/\/danse-classique.com\/wp-content\/uploads\/2025\/07\/ATTESTATION-SUR-L-HONNEUR-2025.pdf\" target=\"_blank\" rel=\"noopener noreferrer\" title=\"Attestation sur l'honneur 2025\">t\u00e9l\u00e9charger l&#8217;attestation sur l&#8217;honneur<\/a>)<\/span><br \/>&gt; soit un certificat m\u00e9dical dat\u00e9 de moins de six mois attestant l\u2019absence de contre-indication \u00e0 la pratique de la danse<br \/><\/span><\/span><\/span><span style=\"color: #000080;\"><strong>.<\/strong><br \/><\/span><span style=\"color: #000080;\">3 &#8211; le <b>R\u00e8glement int\u00e9rieur<\/b> de l&#8217;Ecole dat\u00e9 et sign\u00e9, <span style=\"color: #e02b20;\">(<em><a style=\"color: #e02b20;\" title=\"R\u00e8glement Int\u00e9rieur 2025-2026\" href=\"https:\/\/danse-classique.com\/wp-content\/uploads\/2025\/07\/Reglement-interieur-2025-26.pdf\" target=\"_blank\" rel=\"noopener noreferrer\">t\u00e9l\u00e9charger le R\u00e8glement Int\u00e9rieur<\/a><\/em>)<\/span><\/span><\/p>\n<p><span style=\"color: #000080;\">4 &#8211; le ou les <b>ch\u00e8ques de r\u00e8glement<\/b> <span style=\"color: #e02b20;\">(<em><a style=\"color: #e02b20;\" title=\"Tarifs 2025-2026\" href=\"https:\/\/danse-classique.com\/wp-content\/uploads\/2025\/08\/Tarifs-2025-26.pdf\" target=\"_blank\" rel=\"noopener noreferrer\">t\u00e9l\u00e9charger les Tarifs<\/a><\/em>)<\/span><\/span><\/p>\n<p style=\"text-align: left;\"><span style=\"color: #000080;\"><br \/><\/span><span style=\"color: #000080;\">L&#8217;ensemble des renseignements figure sur la <b>Fiche de renseignements<\/b> <span style=\"color: #ff0000;\"><a href=\"https:\/\/danse-classique.com\/wp-content\/uploads\/2025\/07\/Rentree-2025_26.pdf\" target=\"_blank\" rel=\"noopener noreferrer\" style=\"color: #ff0000;\" title=\"Renseignements Inscriptions\">(t\u00e9l\u00e9charger la Fiche de renseignements)<\/a><\/span><\/span><\/p>\n<p>[\/et_pb_text][\/et_pb_column][\/et_pb_row][\/et_pb_section]<\/p>\n","protected":false},"excerpt":{"rendered":"<p>MODALITES D&#8217;INSCRIPTIONSaison 2025 &#8211; 2026Pour la saison 2025-2026, les inscriptions se font \u00e0 la Salle de Danse du Complexe Lionel de Brunelis( voir Plan d&#8217;acc\u00e8s ) les Lundi 8 Sept, Mardi 9 Sept, Jeudi 11 Sept et Vendredi 12 Sept de 17h00 \u00e0 19h30et le Mercredi 10 Sept de 16h \u00e0 19h30et pour les retardataires, [&hellip;]<\/p>\n","protected":false},"author":1,"featured_media":0,"parent":124,"menu_order":0,"comment_status":"closed","ping_status":"closed","template":"","meta":{"_et_pb_use_builder":"on","_et_pb_old_content":"","_et_gb_content_width":"","footnotes":""},"class_list":["post-2543","page","type-page","status-publish","hentry"],"yoast_head":"<!-- This site is optimized with the Yoast SEO plugin v23.9 - https:\/\/yoast.com\/wordpress\/plugins\/seo\/ -->\n<title>Modalit\u00e9s - ECOLE de DANSE CLASSIQUE de JUVIGNAC<\/title>\n<meta name=\"robots\" content=\"index, follow, max-snippet:-1, max-image-preview:large, max-video-preview:-1\" \/>\n<link rel=\"canonical\" href=\"https:\/\/danse-classique.com\/index.php\/inscription-danse-classique-juvignac\/modalites\/\" \/>\n<meta property=\"og:locale\" content=\"fr_FR\" \/>\n<meta property=\"og:type\" content=\"article\" \/>\n<meta property=\"og:title\" content=\"Modalit\u00e9s - ECOLE de DANSE CLASSIQUE de JUVIGNAC\" \/>\n<meta property=\"og:description\" content=\"MODALITES D&#039;INSCRIPTIONSaison 2025 - 2026Pour la saison 2025-2026, les inscriptions se font \u00e0 la Salle de Danse du Complexe Lionel de Brunelis( voir Plan d&#039;acc\u00e8s ) les Lundi 8 Sept, Mardi 9 Sept, Jeudi 11 Sept et Vendredi 12 Sept de 17h00 \u00e0 19h30et le Mercredi 10 Sept de 16h \u00e0 19h30et pour les retardataires, [&hellip;]\" \/>\n<meta property=\"og:url\" content=\"https:\/\/danse-classique.com\/index.php\/inscription-danse-classique-juvignac\/modalites\/\" \/>\n<meta property=\"og:site_name\" content=\"ECOLE de DANSE CLASSIQUE de JUVIGNAC\" \/>\n<meta property=\"article:publisher\" content=\"https:\/\/www.facebook.com\/profile.php?id=100014698264275\" \/>\n<meta property=\"article:modified_time\" content=\"2025-08-30T10:17:14+00:00\" \/>\n<meta name=\"twitter:card\" content=\"summary_large_image\" \/>\n<meta name=\"twitter:label1\" content=\"Dur\u00e9e de lecture estim\u00e9e\" \/>\n\t<meta name=\"twitter:data1\" content=\"2 minutes\" \/>\n<script type=\"application\/ld+json\" class=\"yoast-schema-graph\">{\"@context\":\"https:\/\/schema.org\",\"@graph\":[{\"@type\":\"WebPage\",\"@id\":\"https:\/\/danse-classique.com\/index.php\/inscription-danse-classique-juvignac\/modalites\/\",\"url\":\"https:\/\/danse-classique.com\/index.php\/inscription-danse-classique-juvignac\/modalites\/\",\"name\":\"Modalit\u00e9s - ECOLE de DANSE CLASSIQUE de JUVIGNAC\",\"isPartOf\":{\"@id\":\"https:\/\/danse-classique.com\/#website\"},\"datePublished\":\"2018-01-25T11:24:11+00:00\",\"dateModified\":\"2025-08-30T10:17:14+00:00\",\"breadcrumb\":{\"@id\":\"https:\/\/danse-classique.com\/index.php\/inscription-danse-classique-juvignac\/modalites\/#breadcrumb\"},\"inLanguage\":\"fr-FR\",\"potentialAction\":[{\"@type\":\"ReadAction\",\"target\":[\"https:\/\/danse-classique.com\/index.php\/inscription-danse-classique-juvignac\/modalites\/\"]}]},{\"@type\":\"BreadcrumbList\",\"@id\":\"https:\/\/danse-classique.com\/index.php\/inscription-danse-classique-juvignac\/modalites\/#breadcrumb\",\"itemListElement\":[{\"@type\":\"ListItem\",\"position\":1,\"name\":\"Accueil\",\"item\":\"https:\/\/danse-classique.com\/\"},{\"@type\":\"ListItem\",\"position\":2,\"name\":\"Inscription\",\"item\":\"https:\/\/danse-classique.com\/index.php\/inscription-danse-classique-juvignac\/\"},{\"@type\":\"ListItem\",\"position\":3,\"name\":\"Modalit\u00e9s\"}]},{\"@type\":\"WebSite\",\"@id\":\"https:\/\/danse-classique.com\/#website\",\"url\":\"https:\/\/danse-classique.com\/\",\"name\":\"ECOLE de DANSE CLASSIQUE de JUVIGNAC\",\"description\":\"Votre \u00e9cole de Danse depuis 40 ans\",\"publisher\":{\"@id\":\"https:\/\/danse-classique.com\/#organization\"},\"potentialAction\":[{\"@type\":\"SearchAction\",\"target\":{\"@type\":\"EntryPoint\",\"urlTemplate\":\"https:\/\/danse-classique.com\/?s={search_term_string}\"},\"query-input\":{\"@type\":\"PropertyValueSpecification\",\"valueRequired\":true,\"valueName\":\"search_term_string\"}}],\"inLanguage\":\"fr-FR\"},{\"@type\":\"Organization\",\"@id\":\"https:\/\/danse-classique.com\/#organization\",\"name\":\"ECOLE DE DANSE CLASSQIUE DE JUVIGNAC\",\"url\":\"https:\/\/danse-classique.com\/\",\"logo\":{\"@type\":\"ImageObject\",\"inLanguage\":\"fr-FR\",\"@id\":\"https:\/\/danse-classique.com\/#\/schema\/logo\/image\/\",\"url\":\"https:\/\/danse-classique.com\/wp-content\/uploads\/Photos_Galas\/Gala_2015\/Aladdin\/PL1679.jpg\",\"contentUrl\":\"https:\/\/danse-classique.com\/wp-content\/uploads\/Photos_Galas\/Gala_2015\/Aladdin\/PL1679.jpg\",\"width\":1632,\"height\":2448,\"caption\":\"ECOLE DE DANSE CLASSQIUE DE JUVIGNAC\"},\"image\":{\"@id\":\"https:\/\/danse-classique.com\/#\/schema\/logo\/image\/\"},\"sameAs\":[\"https:\/\/www.facebook.com\/profile.php?id=100014698264275\"]}]}<\/script>\n<!-- \/ Yoast SEO plugin. -->","yoast_head_json":{"title":"Modalit\u00e9s - ECOLE de DANSE CLASSIQUE de JUVIGNAC","robots":{"index":"index","follow":"follow","max-snippet":"max-snippet:-1","max-image-preview":"max-image-preview:large","max-video-preview":"max-video-preview:-1"},"canonical":"https:\/\/danse-classique.com\/index.php\/inscription-danse-classique-juvignac\/modalites\/","og_locale":"fr_FR","og_type":"article","og_title":"Modalit\u00e9s - ECOLE de DANSE CLASSIQUE de JUVIGNAC","og_description":"MODALITES D'INSCRIPTIONSaison 2025 - 2026Pour la saison 2025-2026, les inscriptions se font \u00e0 la Salle de Danse du Complexe Lionel de Brunelis( voir Plan d'acc\u00e8s ) les Lundi 8 Sept, Mardi 9 Sept, Jeudi 11 Sept et Vendredi 12 Sept de 17h00 \u00e0 19h30et le Mercredi 10 Sept de 16h \u00e0 19h30et pour les retardataires, [&hellip;]","og_url":"https:\/\/danse-classique.com\/index.php\/inscription-danse-classique-juvignac\/modalites\/","og_site_name":"ECOLE de DANSE CLASSIQUE de JUVIGNAC","article_publisher":"https:\/\/www.facebook.com\/profile.php?id=100014698264275","article_modified_time":"2025-08-30T10:17:14+00:00","twitter_card":"summary_large_image","twitter_misc":{"Dur\u00e9e de lecture estim\u00e9e":"2 minutes"},"schema":{"@context":"https:\/\/schema.org","@graph":[{"@type":"WebPage","@id":"https:\/\/danse-classique.com\/index.php\/inscription-danse-classique-juvignac\/modalites\/","url":"https:\/\/danse-classique.com\/index.php\/inscription-danse-classique-juvignac\/modalites\/","name":"Modalit\u00e9s - ECOLE de DANSE CLASSIQUE de JUVIGNAC","isPartOf":{"@id":"https:\/\/danse-classique.com\/#website"},"datePublished":"2018-01-25T11:24:11+00:00","dateModified":"2025-08-30T10:17:14+00:00","breadcrumb":{"@id":"https:\/\/danse-classique.com\/index.php\/inscription-danse-classique-juvignac\/modalites\/#breadcrumb"},"inLanguage":"fr-FR","potentialAction":[{"@type":"ReadAction","target":["https:\/\/danse-classique.com\/index.php\/inscription-danse-classique-juvignac\/modalites\/"]}]},{"@type":"BreadcrumbList","@id":"https:\/\/danse-classique.com\/index.php\/inscription-danse-classique-juvignac\/modalites\/#breadcrumb","itemListElement":[{"@type":"ListItem","position":1,"name":"Accueil","item":"https:\/\/danse-classique.com\/"},{"@type":"ListItem","position":2,"name":"Inscription","item":"https:\/\/danse-classique.com\/index.php\/inscription-danse-classique-juvignac\/"},{"@type":"ListItem","position":3,"name":"Modalit\u00e9s"}]},{"@type":"WebSite","@id":"https:\/\/danse-classique.com\/#website","url":"https:\/\/danse-classique.com\/","name":"ECOLE de DANSE CLASSIQUE de JUVIGNAC","description":"Votre \u00e9cole de Danse depuis 40 ans","publisher":{"@id":"https:\/\/danse-classique.com\/#organization"},"potentialAction":[{"@type":"SearchAction","target":{"@type":"EntryPoint","urlTemplate":"https:\/\/danse-classique.com\/?s={search_term_string}"},"query-input":{"@type":"PropertyValueSpecification","valueRequired":true,"valueName":"search_term_string"}}],"inLanguage":"fr-FR"},{"@type":"Organization","@id":"https:\/\/danse-classique.com\/#organization","name":"ECOLE DE DANSE CLASSQIUE DE JUVIGNAC","url":"https:\/\/danse-classique.com\/","logo":{"@type":"ImageObject","inLanguage":"fr-FR","@id":"https:\/\/danse-classique.com\/#\/schema\/logo\/image\/","url":"https:\/\/danse-classique.com\/wp-content\/uploads\/Photos_Galas\/Gala_2015\/Aladdin\/PL1679.jpg","contentUrl":"https:\/\/danse-classique.com\/wp-content\/uploads\/Photos_Galas\/Gala_2015\/Aladdin\/PL1679.jpg","width":1632,"height":2448,"caption":"ECOLE DE DANSE CLASSQIUE DE JUVIGNAC"},"image":{"@id":"https:\/\/danse-classique.com\/#\/schema\/logo\/image\/"},"sameAs":["https:\/\/www.facebook.com\/profile.php?id=100014698264275"]}]}},"_links":{"self":[{"href":"https:\/\/danse-classique.com\/index.php\/wp-json\/wp\/v2\/pages\/2543","targetHints":{"allow":["GET"]}}],"collection":[{"href":"https:\/\/danse-classique.com\/index.php\/wp-json\/wp\/v2\/pages"}],"about":[{"href":"https:\/\/danse-classique.com\/index.php\/wp-json\/wp\/v2\/types\/page"}],"author":[{"embeddable":true,"href":"https:\/\/danse-classique.com\/index.php\/wp-json\/wp\/v2\/users\/1"}],"replies":[{"embeddable":true,"href":"https:\/\/danse-classique.com\/index.php\/wp-json\/wp\/v2\/comments?post=2543"}],"version-history":[{"count":97,"href":"https:\/\/danse-classique.com\/index.php\/wp-json\/wp\/v2\/pages\/2543\/revisions"}],"predecessor-version":[{"id":69176,"href":"https:\/\/danse-classique.com\/index.php\/wp-json\/wp\/v2\/pages\/2543\/revisions\/69176"}],"up":[{"embeddable":true,"href":"https:\/\/danse-classique.com\/index.php\/wp-json\/wp\/v2\/pages\/124"}],"wp:attachment":[{"href":"https:\/\/danse-classique.com\/index.php\/wp-json\/wp\/v2\/media?parent=2543"}],"curies":[{"name":"wp","href":"https:\/\/api.w.org\/{rel}","templated":true}]}}