{"id":2641,"date":"2018-02-03T19:05:26","date_gmt":"2018-02-03T18:05:26","guid":{"rendered":"http:\/\/danse-classique.com\/?page_id=2641"},"modified":"2025-07-24T17:24:42","modified_gmt":"2025-07-24T15:24:42","slug":"nos-enseignants","status":"publish","type":"page","link":"https:\/\/danse-classique.com\/index.php\/notre-ecole\/nos-enseignants\/","title":{"rendered":"Nos Enseignants"},"content":{"rendered":"<p>[et_pb_section fb_built=&#8221;1&#8243; _builder_version=&#8221;4.16&#8243; custom_margin=&#8221;0px||0px|&#8221; custom_padding=&#8221;0px||0||false|false&#8221; global_colors_info=&#8221;{}&#8221;][et_pb_row _builder_version=&#8221;4.16&#8243; custom_padding=&#8221;27px|0px|14px|0px|false|false&#8221; global_colors_info=&#8221;{}&#8221;][et_pb_column type=&#8221;4_4&#8243; _builder_version=&#8221;4.16&#8243; custom_padding=&#8221;|||&#8221; global_colors_info=&#8221;{}&#8221; custom_padding__hover=&#8221;|||&#8221;][et_pb_text admin_label=&#8221;Nos enseignants&#8221; _builder_version=&#8221;4.16&#8243; header_text_align=&#8221;center&#8221; header_font_size=&#8221;34px&#8221; header_line_height=&#8221;1.2em&#8221; background_color=&#8221;#4f4f4f&#8221; text_orientation=&#8221;center&#8221; module_alignment=&#8221;center&#8221; custom_margin=&#8221;0px||0px|&#8221; custom_padding=&#8221;0px||0px|&#8221; text_text_shadow_style=&#8221;preset1&#8243; global_colors_info=&#8221;{}&#8221;]<\/p>\n<h1 style=\"text-align: center;\"><span style=\"font-size: 24pt; color: #ffffff;\" wfd-id=\"279\"><strong>NOS ENSEIGNANTS et CHOREGRAPHES<\/strong><\/span><\/h1>\n<p>[\/et_pb_text][\/et_pb_column][\/et_pb_row][et_pb_row column_structure=&#8221;2_3,1_3&#8243; _builder_version=&#8221;4.16&#8243; background_color=&#8221;#dddddd&#8221; background_size=&#8221;initial&#8221; background_position=&#8221;top_left&#8221; background_repeat=&#8221;repeat&#8221; global_colors_info=&#8221;{}&#8221;][et_pb_column type=&#8221;2_3&#8243; _builder_version=&#8221;4.16&#8243; custom_padding=&#8221;|||&#8221; global_colors_info=&#8221;{}&#8221; custom_padding__hover=&#8221;|||&#8221;][et_pb_text _builder_version=&#8221;4.27.4&#8243; custom_margin=&#8221;0px||0px|&#8221; custom_padding=&#8221;30px||30px|30px&#8221; hover_enabled=&#8221;0&#8243; global_colors_info=&#8221;{}&#8221; sticky_enabled=&#8221;0&#8243;]<\/p>\n<p style=\"text-align: center;\"><span style=\"color: #000000;\">le cursus de votre Professeur et Directrice Artistique et P\u00e9dagogique de l&#8217;\u00e9cole :<em><strong><span style=\"font-size: large;\"> <br \/>Mme Fran\u00e7oise de HARO<\/span><br \/><img loading=\"lazy\" decoding=\"async\" class=\"aligncenter wp-image-1111\" src=\"https:\/\/danse-classique.com\/wp-content\/uploads\/2017\/11\/Fafa-tete.png\" alt=\"\" width=\"249\" height=\"248\" srcset=\"https:\/\/danse-classique.com\/wp-content\/uploads\/2017\/11\/Fafa-tete.png 816w, https:\/\/danse-classique.com\/wp-content\/uploads\/2017\/11\/Fafa-tete-150x150.png 150w, https:\/\/danse-classique.com\/wp-content\/uploads\/2017\/11\/Fafa-tete-300x300.png 300w, https:\/\/danse-classique.com\/wp-content\/uploads\/2017\/11\/Fafa-tete-768x764.png 768w, https:\/\/danse-classique.com\/wp-content\/uploads\/2017\/11\/Fafa-tete-100x100.png 100w, https:\/\/danse-classique.com\/wp-content\/uploads\/2017\/11\/Fafa-tete-200x200.png 200w\" sizes=\"(max-width: 249px) 100vw, 249px\" \/><\/strong><\/em><\/span><\/p>\n<p><span style=\"color: #000000;\">&#8230;&#8230; 17 ans d&#8217;\u00e9tudes au Centre Chor\u00e9graphique et Artistique de Montpellier, sous la direction d&#8217;Elyane Richaud, ex danseuse \u00e9toile de l&#8217;Op\u00e9ra de Montpellier.<br \/><\/span><span style=\"color: #000000;\">\u00a0 \u00a0 \u00a0 \u00a0 \u00a0Elle y a travaill\u00e9 la technique classique avec \u00e9galement Solange Golovine comme professeur.<\/span><br \/><span style=\"color: #000000;\">&#8230;&#8230;Puis elle acquiert son exp\u00e9rience p\u00e9dagogique lors de stages de formation organis\u00e9s par le directeur de la Danse de l&#8217;Op\u00e9ra de Paris et avec Janine Charrat, conseill\u00e8re pour la danse au Centre Georges Pompidou de Paris<\/span><br \/><span style=\"color: #000000;\">&#8230;&#8230;Depuis 1992, elle est dipl\u00f4m\u00e9e d&#8217;\u00e9tat par le Minist\u00e8re de la Musique et de la Danse, en tant que Professeur de Danse Classique et dirige l&#8217;Ecole de Juvignac. Son professionnalisme, ses comp\u00e9tences, sa\u00a0 grande exp\u00e9rience et son investissement sont unanimement reconnus par tous depuis de nombreuses ann\u00e9es sur la commune. En atteste les 194 adh\u00e9rents qui fr\u00e9quentent l&#8217;\u00e9cole en 2023 et certains \u00e9l\u00e8ves depuis plus de 20 ans.<\/span><\/p>\n<p>[\/et_pb_text][\/et_pb_column][et_pb_column type=&#8221;1_3&#8243; _builder_version=&#8221;4.16&#8243; custom_padding=&#8221;|||&#8221; global_colors_info=&#8221;{}&#8221; custom_padding__hover=&#8221;|||&#8221;][et_pb_image src=&#8221;https:\/\/danse-classique.com\/wp-content\/uploads\/2018\/08\/Fafa.jpg&#8221; align_tablet=&#8221;center&#8221; align_phone=&#8221;&#8221; align_last_edited=&#8221;on|desktop&#8221; _builder_version=&#8221;4.16&#8243; custom_padding=&#8221;|20px||&#8221; global_colors_info=&#8221;{}&#8221;]&nbsp;<br \/>\n[\/et_pb_image][\/et_pb_column][\/et_pb_row][et_pb_row column_structure=&#8221;1_3,2_3&#8243; _builder_version=&#8221;4.16&#8243; background_color=&#8221;#4fe4f2&#8243; background_size=&#8221;initial&#8221; background_position=&#8221;top_left&#8221; background_repeat=&#8221;repeat&#8221; custom_padding=&#8221;10px|0px|21px|0px|false|false&#8221; global_colors_info=&#8221;{}&#8221;][et_pb_column type=&#8221;1_3&#8243; _builder_version=&#8221;4.16&#8243; custom_padding=&#8221;|||&#8221; global_colors_info=&#8221;{}&#8221; custom_padding__hover=&#8221;|||&#8221;][et_pb_image src=&#8221;https:\/\/danse-classique.com\/wp-content\/uploads\/Images\/Thomas.jpg&#8221; title_text=&#8221;Thomas&#8221; url=&#8221;https:\/\/danse-classique.com\/wp-content\/uploads\/Images\/Thomas.jpg&#8221; url_new_window=&#8221;on&#8221; show_bottom_space=&#8221;off&#8221; align_tablet=&#8221;center&#8221; align_phone=&#8221;&#8221; align_last_edited=&#8221;on|desktop&#8221; _builder_version=&#8221;4.17.6&#8243; custom_margin=&#8221;68px|||10px|false|false&#8221; custom_padding=&#8221;0px|0px||12px|false|false&#8221; global_colors_info=&#8221;{}&#8221;]&nbsp;<br \/>\n[\/et_pb_image][\/et_pb_column][et_pb_column type=&#8221;2_3&#8243; _builder_version=&#8221;4.16&#8243; custom_padding=&#8221;|||&#8221; global_colors_info=&#8221;{}&#8221; custom_padding__hover=&#8221;|||&#8221;][et_pb_text _builder_version=&#8221;4.27.4&#8243; hover_enabled=&#8221;0&#8243; global_colors_info=&#8221;{}&#8221; sticky_enabled=&#8221;0&#8243;]<\/p>\n<p style=\"text-align: center;\">Notre Danseur-P\u00e9dagogue, Enseignant Chor\u00e9graphe et Ma\u00eetre de Ballet\u00a0 : <br \/><span style=\"font-size: 14pt;\" wfd-id=\"629\"><strong>Thomas de HARO\u00a0\u00a0<img loading=\"lazy\" decoding=\"async\" class=\"aligncenter wp-image-1107\" src=\"https:\/\/danse-classique.com\/wp-content\/uploads\/2017\/11\/Thomas-T\u00eate.png\" alt=\"\" width=\"243\" height=\"243\" srcset=\"https:\/\/danse-classique.com\/wp-content\/uploads\/2017\/11\/Thomas-T\u00eate.png 656w, https:\/\/danse-classique.com\/wp-content\/uploads\/2017\/11\/Thomas-T\u00eate-150x150.png 150w, https:\/\/danse-classique.com\/wp-content\/uploads\/2017\/11\/Thomas-T\u00eate-300x300.png 300w, https:\/\/danse-classique.com\/wp-content\/uploads\/2017\/11\/Thomas-T\u00eate-100x100.png 100w, https:\/\/danse-classique.com\/wp-content\/uploads\/2017\/11\/Thomas-T\u00eate-200x200.png 200w\" sizes=\"(max-width: 243px) 100vw, 243px\" \/><\/strong><\/span><\/p>\n<div data-canvas-width=\"809.517141656158\"><span style=\"color: #000000;\">Pratiquant la danse classique dans notre \u00e9cole depuis de nombreuses ann\u00e9es, il a acquis une technique autour de laquelle il a d\u00e9velopp\u00e9 l\u2019art de la chor\u00e9graphie et de la mise en sc\u00e8ne. Des cours et des stages de formations \u00e0 Montpellier mais aussi \u00e0 Broadway, lui ont permis de perfectionner sa pratique en danse classique mais aussi de d\u00e9couvrir et pratiquer de nouvelles disciplines comme la danse contemporaine et jazz. Ses diff\u00e9rents contrats pour le c\u00e9l\u00e8bre parc Disneyland Paris, en tant que danseur et artiste interpr\u00e8te parades et spectacles, lui permettent d\u2019\u00e9largir ses comp\u00e9tences sc\u00e9niques mais aussi de travailler en collaboration avec tous les diff\u00e9rents m\u00e9tiers du monde du spectacle sur une des plus grandes sc\u00e8nes d\u2019Europe. Depuis 2011, il collabore, avec notre directrice artistique Fran\u00e7oise, \u00e0 l\u2019enseignement de la danse dans notre \u00e9cole et il assure aussi une grande partie des chor\u00e9graphies des spectacles au Z\u00e9nith, au Corum de Montpellier et sur diff\u00e9rentes sc\u00e8nes pour la ville de Juvignac.<\/span><\/div>\n<div data-canvas-width=\"843.4579907524163\"><span style=\"color: #000000;\">En 2011, il a aussi acquis le Dipl\u00f4me d\u2019Etat d\u2019\u00e9ducateur de Jeunes enfants apr\u00e8s 3 ans d\u2019\u00e9tudes \u00e0 l\u2019Institut R\u00e9gional du Travail Social \u00e0 Montpellier (34). Ce qui apporte aux enfants un compl\u00e9ment p\u00e9dagogique, contribuant \u00e0 une \u00e9coute attentionn\u00e9e et \u00e0 un accompagnement valorisant durant les cours.<\/span><\/div>\n<div data-canvas-width=\"843.4579907524163\"><span style=\"color: #000000;\">De 2020 \u00e0 2023, Il continue \u00e0 se former au sein du CREPS de Montpellier et valide toutes les comp\u00e9tences attendues du dipl\u00f4me d\u2019\u00e9tat de professeur de danse classique :\u00a0<\/span><\/div>\n<div data-canvas-width=\"843.4579907524163\">\n<p><span style=\"color: #000000;\">\u00a0 \u00a0Histoire de la Danse, transmission du Patrimoine chor\u00e9graphique<\/span><br \/><span style=\"color: #000000;\">\u00a0 \u00a0Anatomie-Physiologie adapt\u00e9es au mouvement dans\u00e9<\/span><br \/><span style=\"color: #000000;\">\u00a0 \u00a0Histoire de la musique et lien musique-danse<\/span><br \/><span style=\"color: #000000;\">Il obtient \u00e9galement l&#8217;EAT Danse Classique (Examen d&#8217;Aptitude Technique \u00e0 l&#8217;enseignement de la Danse Classique)\u00a0<\/span><\/p>\n<p><span style=\"color: #000000;\">Au sein de l&#8217;\u00e9cole, il anime la nouvelle section \u00abTOMMY\u2019S ART\u00bb (pour enfants et adultes) avec un style chor\u00e9graphique qu\u2019il a invent\u00e9 m\u00ealant n\u00e9o-classique, moderne et com\u00e9dies musicales. Il enseigne aussi la danse CABARET depuis 2 ans pour des \u00e9l\u00e8ves de 18 \u00e0 65 ans !<\/span><\/p>\n<\/div>\n<div data-canvas-width=\"882.183169398907\"><span style=\"color: #000000;\">Enfin, en dehors des cours hebdomadaires, il collabore \u00e0 l\u2019animation des ateliers chor\u00e9graphiques du Samedi apr\u00e8s-midi pour les plus jeunes sur diff\u00e9rents th\u00e8mes annonc\u00e9s en amont avec d\u00e9guisement facultatif.<\/span><\/div>\n<p>[\/et_pb_text][\/et_pb_column][\/et_pb_row][et_pb_row _builder_version=&#8221;4.16&#8243; global_colors_info=&#8221;{}&#8221;][et_pb_column type=&#8221;4_4&#8243; _builder_version=&#8221;4.16&#8243; custom_padding=&#8221;|||&#8221; global_colors_info=&#8221;{}&#8221; custom_padding__hover=&#8221;|||&#8221;][et_pb_divider _builder_version=&#8221;4.16&#8243; global_colors_info=&#8221;{}&#8221;]&nbsp;<br \/>\n[\/et_pb_divider][\/et_pb_column][\/et_pb_row][\/et_pb_section]<\/p>\n","protected":false},"excerpt":{"rendered":"<p>NOS ENSEIGNANTS et CHOREGRAPHESle cursus de votre Professeur et Directrice Artistique et P\u00e9dagogique de l&#8217;\u00e9cole : Mme Fran\u00e7oise de HARO &#8230;&#8230; 17 ans d&#8217;\u00e9tudes au Centre Chor\u00e9graphique et Artistique de Montpellier, sous la direction d&#8217;Elyane Richaud, ex danseuse \u00e9toile de l&#8217;Op\u00e9ra de Montpellier.\u00a0 \u00a0 \u00a0 \u00a0 \u00a0Elle y a travaill\u00e9 la technique classique avec \u00e9galement [&hellip;]<\/p>\n","protected":false},"author":1,"featured_media":0,"parent":120,"menu_order":0,"comment_status":"closed","ping_status":"closed","template":"","meta":{"_et_pb_use_builder":"on","_et_pb_old_content":"","_et_gb_content_width":"","footnotes":""},"class_list":["post-2641","page","type-page","status-publish","hentry"],"yoast_head":"<!-- This site is optimized with the Yoast SEO plugin v23.9 - https:\/\/yoast.com\/wordpress\/plugins\/seo\/ -->\n<title>Nos Enseignants - ECOLE de DANSE CLASSIQUE de JUVIGNAC<\/title>\n<meta name=\"robots\" content=\"index, follow, max-snippet:-1, max-image-preview:large, max-video-preview:-1\" \/>\n<link rel=\"canonical\" href=\"https:\/\/danse-classique.com\/index.php\/notre-ecole\/nos-enseignants\/\" \/>\n<meta property=\"og:locale\" content=\"fr_FR\" \/>\n<meta property=\"og:type\" content=\"article\" \/>\n<meta property=\"og:title\" content=\"Nos Enseignants - ECOLE de DANSE CLASSIQUE de JUVIGNAC\" \/>\n<meta property=\"og:description\" content=\"NOS ENSEIGNANTS et CHOREGRAPHESle cursus de votre Professeur et Directrice Artistique et P\u00e9dagogique de l&#039;\u00e9cole : Mme Fran\u00e7oise de HARO ...... 17 ans d&#039;\u00e9tudes au Centre Chor\u00e9graphique et Artistique de Montpellier, sous la direction d&#039;Elyane Richaud, ex danseuse \u00e9toile de l&#039;Op\u00e9ra de Montpellier.\u00a0 \u00a0 \u00a0 \u00a0 \u00a0Elle y a travaill\u00e9 la technique classique avec \u00e9galement [&hellip;]\" \/>\n<meta property=\"og:url\" content=\"https:\/\/danse-classique.com\/index.php\/notre-ecole\/nos-enseignants\/\" \/>\n<meta property=\"og:site_name\" content=\"ECOLE de DANSE CLASSIQUE de JUVIGNAC\" \/>\n<meta property=\"article:publisher\" content=\"https:\/\/www.facebook.com\/profile.php?id=100014698264275\" \/>\n<meta property=\"article:modified_time\" content=\"2025-07-24T15:24:42+00:00\" \/>\n<meta property=\"og:image\" content=\"https:\/\/danse-classique.com\/wp-content\/uploads\/2017\/11\/Fafa-tete.png\" \/>\n\t<meta property=\"og:image:width\" content=\"816\" \/>\n\t<meta property=\"og:image:height\" content=\"812\" \/>\n\t<meta property=\"og:image:type\" content=\"image\/png\" \/>\n<meta name=\"twitter:card\" content=\"summary_large_image\" \/>\n<meta name=\"twitter:label1\" content=\"Dur\u00e9e de lecture estim\u00e9e\" \/>\n\t<meta name=\"twitter:data1\" content=\"5 minutes\" \/>\n<script type=\"application\/ld+json\" class=\"yoast-schema-graph\">{\"@context\":\"https:\/\/schema.org\",\"@graph\":[{\"@type\":\"WebPage\",\"@id\":\"https:\/\/danse-classique.com\/index.php\/notre-ecole\/nos-enseignants\/\",\"url\":\"https:\/\/danse-classique.com\/index.php\/notre-ecole\/nos-enseignants\/\",\"name\":\"Nos Enseignants - ECOLE de DANSE CLASSIQUE de JUVIGNAC\",\"isPartOf\":{\"@id\":\"https:\/\/danse-classique.com\/#website\"},\"primaryImageOfPage\":{\"@id\":\"https:\/\/danse-classique.com\/index.php\/notre-ecole\/nos-enseignants\/#primaryimage\"},\"image\":{\"@id\":\"https:\/\/danse-classique.com\/index.php\/notre-ecole\/nos-enseignants\/#primaryimage\"},\"thumbnailUrl\":\"https:\/\/danse-classique.com\/wp-content\/uploads\/2017\/11\/Fafa-tete.png\",\"datePublished\":\"2018-02-03T18:05:26+00:00\",\"dateModified\":\"2025-07-24T15:24:42+00:00\",\"breadcrumb\":{\"@id\":\"https:\/\/danse-classique.com\/index.php\/notre-ecole\/nos-enseignants\/#breadcrumb\"},\"inLanguage\":\"fr-FR\",\"potentialAction\":[{\"@type\":\"ReadAction\",\"target\":[\"https:\/\/danse-classique.com\/index.php\/notre-ecole\/nos-enseignants\/\"]}]},{\"@type\":\"ImageObject\",\"inLanguage\":\"fr-FR\",\"@id\":\"https:\/\/danse-classique.com\/index.php\/notre-ecole\/nos-enseignants\/#primaryimage\",\"url\":\"https:\/\/danse-classique.com\/wp-content\/uploads\/2017\/11\/Fafa-tete.png\",\"contentUrl\":\"https:\/\/danse-classique.com\/wp-content\/uploads\/2017\/11\/Fafa-tete.png\",\"width\":816,\"height\":812},{\"@type\":\"BreadcrumbList\",\"@id\":\"https:\/\/danse-classique.com\/index.php\/notre-ecole\/nos-enseignants\/#breadcrumb\",\"itemListElement\":[{\"@type\":\"ListItem\",\"position\":1,\"name\":\"Accueil\",\"item\":\"https:\/\/danse-classique.com\/\"},{\"@type\":\"ListItem\",\"position\":2,\"name\":\"Notre Ecole\",\"item\":\"https:\/\/danse-classique.com\/index.php\/notre-ecole\/\"},{\"@type\":\"ListItem\",\"position\":3,\"name\":\"Nos Enseignants\"}]},{\"@type\":\"WebSite\",\"@id\":\"https:\/\/danse-classique.com\/#website\",\"url\":\"https:\/\/danse-classique.com\/\",\"name\":\"ECOLE de DANSE CLASSIQUE de JUVIGNAC\",\"description\":\"Votre \u00e9cole de Danse depuis 40 ans\",\"publisher\":{\"@id\":\"https:\/\/danse-classique.com\/#organization\"},\"potentialAction\":[{\"@type\":\"SearchAction\",\"target\":{\"@type\":\"EntryPoint\",\"urlTemplate\":\"https:\/\/danse-classique.com\/?s={search_term_string}\"},\"query-input\":{\"@type\":\"PropertyValueSpecification\",\"valueRequired\":true,\"valueName\":\"search_term_string\"}}],\"inLanguage\":\"fr-FR\"},{\"@type\":\"Organization\",\"@id\":\"https:\/\/danse-classique.com\/#organization\",\"name\":\"ECOLE DE DANSE CLASSQIUE DE JUVIGNAC\",\"url\":\"https:\/\/danse-classique.com\/\",\"logo\":{\"@type\":\"ImageObject\",\"inLanguage\":\"fr-FR\",\"@id\":\"https:\/\/danse-classique.com\/#\/schema\/logo\/image\/\",\"url\":\"https:\/\/danse-classique.com\/wp-content\/uploads\/Photos_Galas\/Gala_2015\/Aladdin\/PL1679.jpg\",\"contentUrl\":\"https:\/\/danse-classique.com\/wp-content\/uploads\/Photos_Galas\/Gala_2015\/Aladdin\/PL1679.jpg\",\"width\":1632,\"height\":2448,\"caption\":\"ECOLE DE DANSE CLASSQIUE DE JUVIGNAC\"},\"image\":{\"@id\":\"https:\/\/danse-classique.com\/#\/schema\/logo\/image\/\"},\"sameAs\":[\"https:\/\/www.facebook.com\/profile.php?id=100014698264275\"]}]}<\/script>\n<!-- \/ Yoast SEO plugin. -->","yoast_head_json":{"title":"Nos Enseignants - ECOLE de DANSE CLASSIQUE de JUVIGNAC","robots":{"index":"index","follow":"follow","max-snippet":"max-snippet:-1","max-image-preview":"max-image-preview:large","max-video-preview":"max-video-preview:-1"},"canonical":"https:\/\/danse-classique.com\/index.php\/notre-ecole\/nos-enseignants\/","og_locale":"fr_FR","og_type":"article","og_title":"Nos Enseignants - ECOLE de DANSE CLASSIQUE de JUVIGNAC","og_description":"NOS ENSEIGNANTS et CHOREGRAPHESle cursus de votre Professeur et Directrice Artistique et P\u00e9dagogique de l'\u00e9cole : Mme Fran\u00e7oise de HARO ...... 17 ans d'\u00e9tudes au Centre Chor\u00e9graphique et Artistique de Montpellier, sous la direction d'Elyane Richaud, ex danseuse \u00e9toile de l'Op\u00e9ra de Montpellier.\u00a0 \u00a0 \u00a0 \u00a0 \u00a0Elle y a travaill\u00e9 la technique classique avec \u00e9galement [&hellip;]","og_url":"https:\/\/danse-classique.com\/index.php\/notre-ecole\/nos-enseignants\/","og_site_name":"ECOLE de DANSE CLASSIQUE de JUVIGNAC","article_publisher":"https:\/\/www.facebook.com\/profile.php?id=100014698264275","article_modified_time":"2025-07-24T15:24:42+00:00","og_image":[{"url":"https:\/\/danse-classique.com\/wp-content\/uploads\/2017\/11\/Fafa-tete.png","width":816,"height":812,"type":"image\/png"}],"twitter_card":"summary_large_image","twitter_misc":{"Dur\u00e9e de lecture estim\u00e9e":"5 minutes"},"schema":{"@context":"https:\/\/schema.org","@graph":[{"@type":"WebPage","@id":"https:\/\/danse-classique.com\/index.php\/notre-ecole\/nos-enseignants\/","url":"https:\/\/danse-classique.com\/index.php\/notre-ecole\/nos-enseignants\/","name":"Nos Enseignants - ECOLE de DANSE CLASSIQUE de JUVIGNAC","isPartOf":{"@id":"https:\/\/danse-classique.com\/#website"},"primaryImageOfPage":{"@id":"https:\/\/danse-classique.com\/index.php\/notre-ecole\/nos-enseignants\/#primaryimage"},"image":{"@id":"https:\/\/danse-classique.com\/index.php\/notre-ecole\/nos-enseignants\/#primaryimage"},"thumbnailUrl":"https:\/\/danse-classique.com\/wp-content\/uploads\/2017\/11\/Fafa-tete.png","datePublished":"2018-02-03T18:05:26+00:00","dateModified":"2025-07-24T15:24:42+00:00","breadcrumb":{"@id":"https:\/\/danse-classique.com\/index.php\/notre-ecole\/nos-enseignants\/#breadcrumb"},"inLanguage":"fr-FR","potentialAction":[{"@type":"ReadAction","target":["https:\/\/danse-classique.com\/index.php\/notre-ecole\/nos-enseignants\/"]}]},{"@type":"ImageObject","inLanguage":"fr-FR","@id":"https:\/\/danse-classique.com\/index.php\/notre-ecole\/nos-enseignants\/#primaryimage","url":"https:\/\/danse-classique.com\/wp-content\/uploads\/2017\/11\/Fafa-tete.png","contentUrl":"https:\/\/danse-classique.com\/wp-content\/uploads\/2017\/11\/Fafa-tete.png","width":816,"height":812},{"@type":"BreadcrumbList","@id":"https:\/\/danse-classique.com\/index.php\/notre-ecole\/nos-enseignants\/#breadcrumb","itemListElement":[{"@type":"ListItem","position":1,"name":"Accueil","item":"https:\/\/danse-classique.com\/"},{"@type":"ListItem","position":2,"name":"Notre Ecole","item":"https:\/\/danse-classique.com\/index.php\/notre-ecole\/"},{"@type":"ListItem","position":3,"name":"Nos Enseignants"}]},{"@type":"WebSite","@id":"https:\/\/danse-classique.com\/#website","url":"https:\/\/danse-classique.com\/","name":"ECOLE de DANSE CLASSIQUE de JUVIGNAC","description":"Votre \u00e9cole de Danse depuis 40 ans","publisher":{"@id":"https:\/\/danse-classique.com\/#organization"},"potentialAction":[{"@type":"SearchAction","target":{"@type":"EntryPoint","urlTemplate":"https:\/\/danse-classique.com\/?s={search_term_string}"},"query-input":{"@type":"PropertyValueSpecification","valueRequired":true,"valueName":"search_term_string"}}],"inLanguage":"fr-FR"},{"@type":"Organization","@id":"https:\/\/danse-classique.com\/#organization","name":"ECOLE DE DANSE CLASSQIUE DE JUVIGNAC","url":"https:\/\/danse-classique.com\/","logo":{"@type":"ImageObject","inLanguage":"fr-FR","@id":"https:\/\/danse-classique.com\/#\/schema\/logo\/image\/","url":"https:\/\/danse-classique.com\/wp-content\/uploads\/Photos_Galas\/Gala_2015\/Aladdin\/PL1679.jpg","contentUrl":"https:\/\/danse-classique.com\/wp-content\/uploads\/Photos_Galas\/Gala_2015\/Aladdin\/PL1679.jpg","width":1632,"height":2448,"caption":"ECOLE DE DANSE CLASSQIUE DE JUVIGNAC"},"image":{"@id":"https:\/\/danse-classique.com\/#\/schema\/logo\/image\/"},"sameAs":["https:\/\/www.facebook.com\/profile.php?id=100014698264275"]}]}},"_links":{"self":[{"href":"https:\/\/danse-classique.com\/index.php\/wp-json\/wp\/v2\/pages\/2641","targetHints":{"allow":["GET"]}}],"collection":[{"href":"https:\/\/danse-classique.com\/index.php\/wp-json\/wp\/v2\/pages"}],"about":[{"href":"https:\/\/danse-classique.com\/index.php\/wp-json\/wp\/v2\/types\/page"}],"author":[{"embeddable":true,"href":"https:\/\/danse-classique.com\/index.php\/wp-json\/wp\/v2\/users\/1"}],"replies":[{"embeddable":true,"href":"https:\/\/danse-classique.com\/index.php\/wp-json\/wp\/v2\/comments?post=2641"}],"version-history":[{"count":30,"href":"https:\/\/danse-classique.com\/index.php\/wp-json\/wp\/v2\/pages\/2641\/revisions"}],"predecessor-version":[{"id":61440,"href":"https:\/\/danse-classique.com\/index.php\/wp-json\/wp\/v2\/pages\/2641\/revisions\/61440"}],"up":[{"embeddable":true,"href":"https:\/\/danse-classique.com\/index.php\/wp-json\/wp\/v2\/pages\/120"}],"wp:attachment":[{"href":"https:\/\/danse-classique.com\/index.php\/wp-json\/wp\/v2\/media?parent=2641"}],"curies":[{"name":"wp","href":"https:\/\/api.w.org\/{rel}","templated":true}]}}