{"id":2647,"date":"2018-02-03T19:10:56","date_gmt":"2018-02-03T18:10:56","guid":{"rendered":"http:\/\/danse-classique.com\/?page_id=2647"},"modified":"2024-08-07T09:27:27","modified_gmt":"2024-08-07T07:27:27","slug":"historique","status":"publish","type":"page","link":"https:\/\/danse-classique.com\/index.php\/notre-ecole\/historique\/","title":{"rendered":"Historique"},"content":{"rendered":"<p>[et_pb_section fb_built=&#8221;1&#8243; _builder_version=&#8221;4.16&#8243; background_image=&#8221;https:\/\/danse-classique.com\/wp-content\/uploads\/2017\/11\/Ballet2.jpg&#8221; custom_margin=&#8221;0px||0px|&#8221; custom_padding=&#8221;0px||0px|&#8221; collapsed=&#8221;off&#8221; global_colors_info=&#8221;{}&#8221;][et_pb_row _builder_version=&#8221;4.16&#8243; background_size=&#8221;initial&#8221; background_position=&#8221;top_left&#8221; background_repeat=&#8221;repeat&#8221; custom_margin=&#8221;|||&#8221; custom_padding=&#8221;50px||50px|&#8221; global_colors_info=&#8221;{}&#8221;][et_pb_column type=&#8221;4_4&#8243; _builder_version=&#8221;4.16&#8243; custom_padding=&#8221;|||&#8221; global_colors_info=&#8221;{}&#8221; custom_padding__hover=&#8221;|||&#8221;][et_pb_text admin_label=&#8221;Historique&#8221; _builder_version=&#8221;4.16&#8243; header_text_align=&#8221;center&#8221; header_font_size=&#8221;34px&#8221; header_line_height=&#8221;1.2em&#8221; background_color=&#8221;#4f4f4f&#8221; text_orientation=&#8221;center&#8221; module_alignment=&#8221;center&#8221; custom_margin=&#8221;0px||0px|&#8221; custom_padding=&#8221;0px||0px|&#8221; text_text_shadow_style=&#8221;preset1&#8243; global_colors_info=&#8221;{}&#8221;]<\/p>\n<h1 style=\"text-align: center;\"><span style=\"font-size: 24pt; color: #ffffff;\"><strong>HISTORIQUE<\/strong><\/span><\/h1>\n<p>[\/et_pb_text][et_pb_text _builder_version=&#8221;4.27.0&#8243; text_font=&#8221;||||||||&#8221; background_color=&#8221;#e8e8e8&#8243; custom_margin=&#8221;0px||0px|&#8221; custom_padding=&#8221;30px||30px|30px&#8221; hover_enabled=&#8221;0&#8243; global_colors_info=&#8221;{}&#8221; sticky_enabled=&#8221;0&#8243;]<\/p>\n<p>L&#8217;association \u201cEcole de Danse Classique de Juvignac\u201d propose depuis 1980 soit plus de 44 ans \u00e0 ses adh\u00e9rents des cours de danse classique.<\/p>\n<p>Tout d&#8217;abord int\u00e9gr\u00e9e au Foyer Rural de Juvignac, puis \u00e0 la dissolution de celui-ci sous la forme d&#8217;une association loi 1901.<\/p>\n<p>Depuis son origine le but de l&#8217;association est de promouvoir la pratique de la Danse Classique sur la commune de Juvignac, sans s\u00e9lection \u00e0 l&#8217;entr\u00e9e et sans \u00e9litisme.<\/p>\n<p>Elle s&#8217;est assur\u00e9e le concours de Fran\u00e7oise de Haro, dipl\u00f4m\u00e9e d&#8217;\u00e9tat du professorat de Danse Classique<br \/>(loi sur l&#8217;enseignement de la danse de 10\/07\/1989) .<\/p>\n<p>Les cours ont lieu au Studio de Danse : Salle Polyvalente Lionel de Brunelis de Juvignac &#8211; Niveau Bas (sous la terrasse couverte)<\/p>\n<p>Les disciplines enseign\u00e9es sont :<\/p>\n<p><strong>Eveil et Initiation<\/strong><\/p>\n<p><strong>Danse Classique, N\u00e9o-Classique<\/strong><\/p>\n<p><strong>Atelier Chor\u00e9graphique\u00a0<\/strong><span style=\"font-family: Arnprior; font-size: large;\">Tommy&#8217;s\u00a0Art<\/span><\/p>\n<p><strong><span style=\"font-family: Arnprior; font-size: large;\">Cabaret Broadway<\/span><\/strong><\/p>\n<p><strong>Exercices Corporels<\/strong>.<\/p>\n<p>[\/et_pb_text][\/et_pb_column][\/et_pb_row][\/et_pb_section]<\/p>\n","protected":false},"excerpt":{"rendered":"<p>HISTORIQUE L&#8217;association \u201cEcole de Danse Classique de Juvignac\u201d propose depuis 1980 soit plus de 44 ans \u00e0 ses adh\u00e9rents des cours de danse classique. Tout d&#8217;abord int\u00e9gr\u00e9e au Foyer Rural de Juvignac, puis \u00e0 la dissolution de celui-ci sous la forme d&#8217;une association loi 1901. Depuis son origine le but de l&#8217;association est de promouvoir [&hellip;]<\/p>\n","protected":false},"author":1,"featured_media":0,"parent":120,"menu_order":0,"comment_status":"closed","ping_status":"closed","template":"","meta":{"_et_pb_use_builder":"on","_et_pb_old_content":"","_et_gb_content_width":"","footnotes":""},"class_list":["post-2647","page","type-page","status-publish","hentry"],"yoast_head":"<!-- This site is optimized with the Yoast SEO plugin v23.9 - https:\/\/yoast.com\/wordpress\/plugins\/seo\/ -->\n<title>Historique - ECOLE de DANSE CLASSIQUE de JUVIGNAC<\/title>\n<meta name=\"robots\" content=\"index, follow, max-snippet:-1, max-image-preview:large, max-video-preview:-1\" \/>\n<link rel=\"canonical\" href=\"https:\/\/danse-classique.com\/index.php\/notre-ecole\/historique\/\" \/>\n<meta property=\"og:locale\" content=\"fr_FR\" \/>\n<meta property=\"og:type\" content=\"article\" \/>\n<meta property=\"og:title\" content=\"Historique - ECOLE de DANSE CLASSIQUE de JUVIGNAC\" \/>\n<meta property=\"og:description\" content=\"HISTORIQUE L&#039;association \u201cEcole de Danse Classique de Juvignac\u201d propose depuis 1980 soit plus de 44 ans \u00e0 ses adh\u00e9rents des cours de danse classique. Tout d&#039;abord int\u00e9gr\u00e9e au Foyer Rural de Juvignac, puis \u00e0 la dissolution de celui-ci sous la forme d&#039;une association loi 1901. Depuis son origine le but de l&#039;association est de promouvoir [&hellip;]\" \/>\n<meta property=\"og:url\" content=\"https:\/\/danse-classique.com\/index.php\/notre-ecole\/historique\/\" \/>\n<meta property=\"og:site_name\" content=\"ECOLE de DANSE CLASSIQUE de JUVIGNAC\" \/>\n<meta property=\"article:publisher\" content=\"https:\/\/www.facebook.com\/profile.php?id=100014698264275\" \/>\n<meta property=\"article:modified_time\" content=\"2024-08-07T07:27:27+00:00\" \/>\n<meta name=\"twitter:card\" content=\"summary_large_image\" \/>\n<meta name=\"twitter:label1\" content=\"Dur\u00e9e de lecture estim\u00e9e\" \/>\n\t<meta name=\"twitter:data1\" content=\"2 minutes\" \/>\n<script type=\"application\/ld+json\" class=\"yoast-schema-graph\">{\"@context\":\"https:\/\/schema.org\",\"@graph\":[{\"@type\":\"WebPage\",\"@id\":\"https:\/\/danse-classique.com\/index.php\/notre-ecole\/historique\/\",\"url\":\"https:\/\/danse-classique.com\/index.php\/notre-ecole\/historique\/\",\"name\":\"Historique - ECOLE de DANSE CLASSIQUE de JUVIGNAC\",\"isPartOf\":{\"@id\":\"https:\/\/danse-classique.com\/#website\"},\"datePublished\":\"2018-02-03T18:10:56+00:00\",\"dateModified\":\"2024-08-07T07:27:27+00:00\",\"breadcrumb\":{\"@id\":\"https:\/\/danse-classique.com\/index.php\/notre-ecole\/historique\/#breadcrumb\"},\"inLanguage\":\"fr-FR\",\"potentialAction\":[{\"@type\":\"ReadAction\",\"target\":[\"https:\/\/danse-classique.com\/index.php\/notre-ecole\/historique\/\"]}]},{\"@type\":\"BreadcrumbList\",\"@id\":\"https:\/\/danse-classique.com\/index.php\/notre-ecole\/historique\/#breadcrumb\",\"itemListElement\":[{\"@type\":\"ListItem\",\"position\":1,\"name\":\"Accueil\",\"item\":\"https:\/\/danse-classique.com\/\"},{\"@type\":\"ListItem\",\"position\":2,\"name\":\"Notre Ecole\",\"item\":\"https:\/\/danse-classique.com\/index.php\/notre-ecole\/\"},{\"@type\":\"ListItem\",\"position\":3,\"name\":\"Historique\"}]},{\"@type\":\"WebSite\",\"@id\":\"https:\/\/danse-classique.com\/#website\",\"url\":\"https:\/\/danse-classique.com\/\",\"name\":\"ECOLE de DANSE CLASSIQUE de JUVIGNAC\",\"description\":\"Votre \u00e9cole de Danse depuis 40 ans\",\"publisher\":{\"@id\":\"https:\/\/danse-classique.com\/#organization\"},\"potentialAction\":[{\"@type\":\"SearchAction\",\"target\":{\"@type\":\"EntryPoint\",\"urlTemplate\":\"https:\/\/danse-classique.com\/?s={search_term_string}\"},\"query-input\":{\"@type\":\"PropertyValueSpecification\",\"valueRequired\":true,\"valueName\":\"search_term_string\"}}],\"inLanguage\":\"fr-FR\"},{\"@type\":\"Organization\",\"@id\":\"https:\/\/danse-classique.com\/#organization\",\"name\":\"ECOLE DE DANSE CLASSQIUE DE JUVIGNAC\",\"url\":\"https:\/\/danse-classique.com\/\",\"logo\":{\"@type\":\"ImageObject\",\"inLanguage\":\"fr-FR\",\"@id\":\"https:\/\/danse-classique.com\/#\/schema\/logo\/image\/\",\"url\":\"https:\/\/danse-classique.com\/wp-content\/uploads\/Photos_Galas\/Gala_2015\/Aladdin\/PL1679.jpg\",\"contentUrl\":\"https:\/\/danse-classique.com\/wp-content\/uploads\/Photos_Galas\/Gala_2015\/Aladdin\/PL1679.jpg\",\"width\":1632,\"height\":2448,\"caption\":\"ECOLE DE DANSE CLASSQIUE DE JUVIGNAC\"},\"image\":{\"@id\":\"https:\/\/danse-classique.com\/#\/schema\/logo\/image\/\"},\"sameAs\":[\"https:\/\/www.facebook.com\/profile.php?id=100014698264275\"]}]}<\/script>\n<!-- \/ Yoast SEO plugin. -->","yoast_head_json":{"title":"Historique - ECOLE de DANSE CLASSIQUE de JUVIGNAC","robots":{"index":"index","follow":"follow","max-snippet":"max-snippet:-1","max-image-preview":"max-image-preview:large","max-video-preview":"max-video-preview:-1"},"canonical":"https:\/\/danse-classique.com\/index.php\/notre-ecole\/historique\/","og_locale":"fr_FR","og_type":"article","og_title":"Historique - ECOLE de DANSE CLASSIQUE de JUVIGNAC","og_description":"HISTORIQUE L'association \u201cEcole de Danse Classique de Juvignac\u201d propose depuis 1980 soit plus de 44 ans \u00e0 ses adh\u00e9rents des cours de danse classique. Tout d'abord int\u00e9gr\u00e9e au Foyer Rural de Juvignac, puis \u00e0 la dissolution de celui-ci sous la forme d'une association loi 1901. Depuis son origine le but de l'association est de promouvoir [&hellip;]","og_url":"https:\/\/danse-classique.com\/index.php\/notre-ecole\/historique\/","og_site_name":"ECOLE de DANSE CLASSIQUE de JUVIGNAC","article_publisher":"https:\/\/www.facebook.com\/profile.php?id=100014698264275","article_modified_time":"2024-08-07T07:27:27+00:00","twitter_card":"summary_large_image","twitter_misc":{"Dur\u00e9e de lecture estim\u00e9e":"2 minutes"},"schema":{"@context":"https:\/\/schema.org","@graph":[{"@type":"WebPage","@id":"https:\/\/danse-classique.com\/index.php\/notre-ecole\/historique\/","url":"https:\/\/danse-classique.com\/index.php\/notre-ecole\/historique\/","name":"Historique - ECOLE de DANSE CLASSIQUE de JUVIGNAC","isPartOf":{"@id":"https:\/\/danse-classique.com\/#website"},"datePublished":"2018-02-03T18:10:56+00:00","dateModified":"2024-08-07T07:27:27+00:00","breadcrumb":{"@id":"https:\/\/danse-classique.com\/index.php\/notre-ecole\/historique\/#breadcrumb"},"inLanguage":"fr-FR","potentialAction":[{"@type":"ReadAction","target":["https:\/\/danse-classique.com\/index.php\/notre-ecole\/historique\/"]}]},{"@type":"BreadcrumbList","@id":"https:\/\/danse-classique.com\/index.php\/notre-ecole\/historique\/#breadcrumb","itemListElement":[{"@type":"ListItem","position":1,"name":"Accueil","item":"https:\/\/danse-classique.com\/"},{"@type":"ListItem","position":2,"name":"Notre Ecole","item":"https:\/\/danse-classique.com\/index.php\/notre-ecole\/"},{"@type":"ListItem","position":3,"name":"Historique"}]},{"@type":"WebSite","@id":"https:\/\/danse-classique.com\/#website","url":"https:\/\/danse-classique.com\/","name":"ECOLE de DANSE CLASSIQUE de JUVIGNAC","description":"Votre \u00e9cole de Danse depuis 40 ans","publisher":{"@id":"https:\/\/danse-classique.com\/#organization"},"potentialAction":[{"@type":"SearchAction","target":{"@type":"EntryPoint","urlTemplate":"https:\/\/danse-classique.com\/?s={search_term_string}"},"query-input":{"@type":"PropertyValueSpecification","valueRequired":true,"valueName":"search_term_string"}}],"inLanguage":"fr-FR"},{"@type":"Organization","@id":"https:\/\/danse-classique.com\/#organization","name":"ECOLE DE DANSE CLASSQIUE DE JUVIGNAC","url":"https:\/\/danse-classique.com\/","logo":{"@type":"ImageObject","inLanguage":"fr-FR","@id":"https:\/\/danse-classique.com\/#\/schema\/logo\/image\/","url":"https:\/\/danse-classique.com\/wp-content\/uploads\/Photos_Galas\/Gala_2015\/Aladdin\/PL1679.jpg","contentUrl":"https:\/\/danse-classique.com\/wp-content\/uploads\/Photos_Galas\/Gala_2015\/Aladdin\/PL1679.jpg","width":1632,"height":2448,"caption":"ECOLE DE DANSE CLASSQIUE DE JUVIGNAC"},"image":{"@id":"https:\/\/danse-classique.com\/#\/schema\/logo\/image\/"},"sameAs":["https:\/\/www.facebook.com\/profile.php?id=100014698264275"]}]}},"_links":{"self":[{"href":"https:\/\/danse-classique.com\/index.php\/wp-json\/wp\/v2\/pages\/2647","targetHints":{"allow":["GET"]}}],"collection":[{"href":"https:\/\/danse-classique.com\/index.php\/wp-json\/wp\/v2\/pages"}],"about":[{"href":"https:\/\/danse-classique.com\/index.php\/wp-json\/wp\/v2\/types\/page"}],"author":[{"embeddable":true,"href":"https:\/\/danse-classique.com\/index.php\/wp-json\/wp\/v2\/users\/1"}],"replies":[{"embeddable":true,"href":"https:\/\/danse-classique.com\/index.php\/wp-json\/wp\/v2\/comments?post=2647"}],"version-history":[{"count":7,"href":"https:\/\/danse-classique.com\/index.php\/wp-json\/wp\/v2\/pages\/2647\/revisions"}],"predecessor-version":[{"id":29636,"href":"https:\/\/danse-classique.com\/index.php\/wp-json\/wp\/v2\/pages\/2647\/revisions\/29636"}],"up":[{"embeddable":true,"href":"https:\/\/danse-classique.com\/index.php\/wp-json\/wp\/v2\/pages\/120"}],"wp:attachment":[{"href":"https:\/\/danse-classique.com\/index.php\/wp-json\/wp\/v2\/media?parent=2647"}],"curies":[{"name":"wp","href":"https:\/\/api.w.org\/{rel}","templated":true}]}}