{"id":2779,"date":"2018-02-06T17:02:46","date_gmt":"2018-02-06T16:02:46","guid":{"rendered":"http:\/\/danse-classique.com\/?page_id=2779"},"modified":"2026-03-10T12:20:16","modified_gmt":"2026-03-10T11:20:16","slug":"repetitions","status":"publish","type":"page","link":"https:\/\/danse-classique.com\/index.php\/gala-2026\/repetitions\/","title":{"rendered":"R\u00e9p\u00e9titions"},"content":{"rendered":"<p>[et_pb_section fb_built=&#8221;1&#8243; _builder_version=&#8221;3.0.100&#8243; custom_padding=&#8221;0px|0px|4px|0px&#8221; global_module=&#8221;2828&#8243; global_colors_info=&#8221;{}&#8221;][et_pb_row _builder_version=&#8221;4.16&#8243; background_size=&#8221;initial&#8221; background_position=&#8221;top_left&#8221; background_repeat=&#8221;repeat&#8221; custom_padding=&#8221;27px|0px|1px|0px&#8221; global_colors_info=&#8221;{}&#8221;][et_pb_column type=&#8221;4_4&#8243; _builder_version=&#8221;4.16&#8243; custom_padding=&#8221;|||&#8221; global_colors_info=&#8221;{}&#8221; custom_padding__hover=&#8221;|||&#8221;][et_pb_text admin_label=&#8221;Menu Gala 2019&#8243; _builder_version=&#8221;4.16&#8243; global_colors_info=&#8221;{}&#8221;]<\/p>\n<p><a class=\"small-button smallblue\" href=\"..\/repetitions\/\">\u00a0 R\u00e9p\u00e9titions\u00a0\u00a0<\/a>\u00a0 \u00a0 \u00a0\u00a0<a class=\"small-button smallblue\" href=\"..\/costumes\/\">\u00a0 Costumes\u00a0\u00a0<\/a>\u00a0 \u00a0 \u00a0\u00a0<a class=\"small-button smallblue\" href=\"..\/reservations\/\">\u00a0R\u00e9servations\u00a0<\/a>\u00a0 \u00a0 \u00a0\u00a0<a class=\"small-button smallblue\" href=\"..\/organisation\/\">\u00a0Organisation\u00a0<\/a>\u00a0 \u00a0 \u00a0<a class=\"small-button smallblue\" href=\"..\/plan-dacces\/\">\u00a0 Plan d\u2019acc\u00e8s\u00a0\u00a0<\/a>\u00a0 \u00a0 \u00a0\u00a0<a class=\"small-button smallblue\" href=\"..\/Video-dvd\/\">\u00a0 \u00a0Vid\u00e9o DVD\u00a0 \u00a0<\/a>\u00a0 \u00a0 \u00a0\u00a0<a class=\"small-button smallblue\" href=\"https:\/\/danse-classique.com\/index.php\/gala-2018\/reportage-photos\/\">Reportage Photos<\/a><\/p>\n<p>[\/et_pb_text][\/et_pb_column][\/et_pb_row][\/et_pb_section][et_pb_section fb_built=&#8221;1&#8243; _builder_version=&#8221;4.16&#8243; custom_padding=&#8221;1px|0px|54px|0px&#8221; global_colors_info=&#8221;{}&#8221;][et_pb_row _builder_version=&#8221;4.16&#8243; background_size=&#8221;initial&#8221; background_position=&#8221;top_left&#8221; background_repeat=&#8221;repeat&#8221; custom_padding=&#8221;3px|0px|10px|0px|false|false&#8221; global_colors_info=&#8221;{}&#8221;][et_pb_column type=&#8221;4_4&#8243; _builder_version=&#8221;4.16&#8243; custom_padding=&#8221;|||&#8221; global_colors_info=&#8221;{}&#8221; custom_padding__hover=&#8221;|||&#8221;][et_pb_text admin_label=&#8221;R\u00e9p\u00e9titions&#8221; _builder_version=&#8221;4.27.6&#8243; background_color=&#8221;rgba(0,0,0,0.67)&#8221; custom_padding=&#8221;13px||13px||true&#8221; hover_enabled=&#8221;0&#8243; global_colors_info=&#8221;{}&#8221; sticky_enabled=&#8221;0&#8243;]<\/p>\n<p style=\"text-align: center;\"><span style=\"color: rgba(255, 255, 255, 0.87); font-family: 'arial black', sans-serif; font-size: 18pt;\" wfd-id=\"316\">REPETITIONS GENERALES <\/span><\/p>\n<p style=\"text-align: center;\"><span style=\"color: rgba(255, 255, 255, 0.87); font-family: 'arial black', sans-serif; font-size: 18pt;\" wfd-id=\"315\"> du GALA annuel 2026 de l\u2019\u00e9cole<\/span><\/p>\n<p style=\"text-align: center;\"><span style=\"font-size: 12pt; color: rgba(255, 255, 255, 0.87);\" wfd-id=\"314\">Merci de bien vouloir noter ces dates sur vos agendas car ces <\/span><\/p>\n<p style=\"text-align: center;\"><span style=\"font-size: 12pt; color: rgba(255, 255, 255, 0.87);\" wfd-id=\"313\"> r\u00e9p\u00e9titions sont primordiales \u00e0 la r\u00e9ussite du gala de vos enfants.<\/span><\/p>\n<p>[\/et_pb_text][\/et_pb_column][\/et_pb_row][et_pb_row use_custom_gutter=&#8221;on&#8221; gutter_width=&#8221;2&#8243; make_equal=&#8221;on&#8221; _builder_version=&#8221;4.16&#8243; background_size=&#8221;initial&#8221; background_position=&#8221;top_left&#8221; background_repeat=&#8221;repeat&#8221; custom_padding=&#8221;0|0px|0|0px|false|false&#8221; global_colors_info=&#8221;{}&#8221;][et_pb_column type=&#8221;4_4&#8243; _builder_version=&#8221;4.16&#8243; custom_padding=&#8221;|0px||&#8221; global_colors_info=&#8221;{}&#8221; custom_padding__hover=&#8221;|||&#8221;][et_pb_text admin_label=&#8221;R\u00e9p\u00e9tition Salle 9 Juin&#8221; _builder_version=&#8221;4.27.6&#8243; background_color=&#8221;#e0b14c&#8221; min_height=&#8221;274px&#8221; custom_padding=&#8221;10px|13px|10px|13px|true|true&#8221; hover_enabled=&#8221;0&#8243; global_colors_info=&#8221;{}&#8221; sticky_enabled=&#8221;0&#8243;]<\/p>\n<p style=\"text-align: center;\"><span style=\"font-size: 14pt; color: rgba(224, 28, 17, 0.87);\" wfd-id=\"270\"><strong>le <span style=\"text-decoration: underline;\" wfd-id=\"271\">Samedi 6 Juin 2026<\/span>\u00a0de 14h00 \u00e0 17h00<\/strong><\/span><\/p>\n<p style=\"text-align: center;\"><span style=\"font-size: 14pt; color: rgba(224, 28, 17, 0.87);\" wfd-id=\"269\"> <strong>\u00e0 la salle de danse de Juvignac<\/strong><\/span><\/p>\n<p style=\"text-align: center;\"><span style=\"color: rgba(0, 0, 0, 0.87);\" wfd-id=\"268\"><strong>R\u00e9p\u00e9tition g\u00e9n\u00e9rale obligatoire<\/strong> <\/span><span style=\"color: rgba(0, 0, 0, 0.87);\" wfd-id=\"267\"><\/span><\/p>\n<p style=\"text-align: center;\"><span style=\"color: rgba(0, 0, 0, 0.87);\" wfd-id=\"266\">tous les cours sont concern\u00e9s <em><strong>sauf le cours Initiation<\/strong><\/em><\/span><\/p>\n<p style=\"text-align: center;\"><span style=\"color: rgba(0, 0, 0, 0.87);\" wfd-id=\"266\"><em><strong>du Mercredi 16h15<\/strong><\/em><\/span><\/p>\n<p style=\"text-align: center;\"><span style=\"color: rgba(0, 0, 0, 0.87);\" wfd-id=\"264\"><span style=\"text-decoration: underline;\" wfd-id=\"265\">vous pouvez t\u00e9l\u00e9charger le document PDF<\/span><\/span><\/p>\n<p>[\/et_pb_text][\/et_pb_column][\/et_pb_row][et_pb_row disabled_on=&#8221;on|on|on&#8221; _builder_version=&#8221;4.16&#8243; background_size=&#8221;initial&#8221; background_position=&#8221;top_left&#8221; background_repeat=&#8221;repeat&#8221; min_height=&#8221;1747px&#8221; custom_padding=&#8221;13px|0px|27px|0px|false|false&#8221; disabled=&#8221;on&#8221; global_colors_info=&#8221;{}&#8221;][et_pb_column type=&#8221;4_4&#8243; _builder_version=&#8221;4.16&#8243; custom_padding=&#8221;|||&#8221; global_colors_info=&#8221;{}&#8221; custom_padding__hover=&#8221;|||&#8221;][et_pb_text admin_label=&#8221;R\u00e9p\u00e9tition ZENITH&#8221; _builder_version=&#8221;4.27.6&#8243; background_color=&#8221;rgba(91,114,130,0.96)&#8221; hover_enabled=&#8221;0&#8243; global_colors_info=&#8221;{}&#8221; sticky_enabled=&#8221;0&#8243;]<\/p>\n<table class=\"namo-table\" width=\"891\" cellspacing=\"0\" align=\"center\">\n<tbody>\n<tr>\n<td class=\"namo-table\" width=\"889\" height=\"22\">\n<p class=\"namo-list\" align=\"center\"><span style=\"color: #000080;\" wfd-id=\"89\"><strong><span style=\"font-size: large;\" wfd-id=\"90\">REPETITION GENERALE au CORUM\u00a0 le jour du Gala : le Dimanche 14 Juin 2025<\/span><\/strong><\/span><\/p>\n<p><span style=\"color: #000080;\" wfd-id=\"88\"><strong> <u><a style=\"color: #000080;\" href=\"https:\/\/danse-classique.com\/wp-content\/uploads\/2018\/06\/Organisation-Soir\u00e9e-2019.pdf\" target=\"_blank\" rel=\"noopener noreferrer\">vous pouvez t\u00e9l\u00e9charger le document PDF <\/a><\/u><a style=\"color: #000080;\" href=\"https:\/\/danse-classique.com\/wp-content\/uploads\/2018\/06\/Organisation-Soir\u00e9e-2018.pdf\" target=\"_blank\" rel=\"noopener noreferrer\">(document non disponible pour l&#8217;instant)<\/a><u><\/u><u><\/u><\/strong><\/span><\/p>\n<\/td>\n<\/tr>\n<tr>\n<td class=\"namo-table\" width=\"889\" height=\"22\">\n<p><span style=\"color: #000080;\" wfd-id=\"87\"><strong>La r\u00e9p\u00e9tition G\u00e9n\u00e9rale est <u>obligatoire<\/u> pour toutes les \u00e9l\u00e8ves de l\u2019Ecole.<\/strong><\/span><\/p>\n<p><span style=\"color: #000080;\" wfd-id=\"86\"><strong>Elle a lieu sur la sc\u00e8ne de l&#8217;Op\u00e9ra Berlioz du Corum de Montpellier de 13h45 \u00e0 17h30 maximum pour certains cours. Vous pouvez voir sur le tableau ci-dessous les heures approximatives de r\u00e9cup\u00e9ration de vos enfants.<\/strong><\/span><\/p>\n<p><span style=\"color: #000080;\" wfd-id=\"85\"><strong> (voir les horaires sur le document \u00a0&#8220;<a style=\"color: #000080;\" target=\"_self\" rel=\"noopener noreferrer\">Organistion du Gala<\/a>&#8221; t\u00e9l\u00e9chargeable.<\/strong><\/span><\/p>\n<p><span style=\"color: #000080;\" wfd-id=\"84\"><strong>Les horaires des R\u00e9p\u00e9titions sont les suivants :<\/strong><\/span><\/p>\n<table style=\"height: 262px;\" width=\"866\">\n<tbody>\n<tr>\n<td style=\"width: 660px;\"><span style=\"color: #000080;\" wfd-id=\"83\"><strong>COURS<\/strong><\/span><\/td>\n<td style=\"width: 92px; text-align: center;\"><span style=\"color: #000080;\" wfd-id=\"82\"><strong>D\u00e9but<\/strong><\/span><\/td>\n<td style=\"width: 92px; text-align: center;\"><span style=\"color: #000080;\" wfd-id=\"81\"><strong>Fin<\/strong><\/span><\/td>\n<\/tr>\n<tr>\n<td style=\"width: 660px;\"><span style=\"color: #000080;\" wfd-id=\"80\"><strong>Les \u00e9l\u00e8ves du cours Sup\u00e9rieur<\/strong><\/span><\/td>\n<td style=\"width: 92px; text-align: center;\"><span style=\"color: #000080;\" wfd-id=\"79\"><strong> 10h00<\/strong><\/span><\/td>\n<td style=\"width: 92px; text-align: center;\"><span style=\"color: #000080;\" wfd-id=\"78\"><strong>12h00<\/strong><\/span><\/td>\n<\/tr>\n<tr>\n<td style=\"width: 660px;\"><span style=\"color: #000080;\" wfd-id=\"77\"><strong>Les cours INITIATION du Mercredi 16h15 et du lundi 17h45<\/strong><\/span><\/td>\n<td style=\"width: 92px; text-align: center;\"><span style=\"color: #000080;\" wfd-id=\"76\"><strong>13h45<\/strong><\/span><\/td>\n<td style=\"width: 92px; text-align: center;\"><span style=\"color: #000080;\" wfd-id=\"75\"><strong>\u00a014h45<\/strong><\/span><\/td>\n<\/tr>\n<tr>\n<td style=\"width: 660px;\"><span style=\"color: #000080;\" wfd-id=\"74\"><strong>Le cours PREPARATOIRE du Mardi 17h45<\/strong><\/span><\/td>\n<td style=\"width: 92px; text-align: center;\"><span style=\"color: #000080;\" wfd-id=\"73\"><strong>13h45<\/strong><\/span><\/td>\n<td style=\"width: 92px; text-align: center;\"><span style=\"color: #000080;\" wfd-id=\"72\"><strong>\u00a015h30<\/strong><\/span><\/td>\n<\/tr>\n<tr>\n<td style=\"width: 660px;\"><span style=\"color: #000080;\" wfd-id=\"71\"><strong>Les\u00a0cours ELEMENTAIRE 1 du\u00a0Jeudi\u00a017h45\u00a0et ELEMENTAIRE 2 du Vendredi\u00a017h45<\/strong><\/span><\/td>\n<td style=\"width: 92px; text-align: center;\"><span style=\"color: #000080;\" wfd-id=\"70\"><strong>13h45<\/strong><\/span><\/td>\n<td style=\"width: 92px; text-align: center;\"><span style=\"color: #000080;\" wfd-id=\"69\"><strong>\u00a016h30<\/strong><\/span><\/td>\n<\/tr>\n<tr>\n<td style=\"width: 660px;\"><span style=\"color: #000080;\" wfd-id=\"68\"><strong>Les\u00a0cours ELEMENTAIRE 3 du\u00a0Mercredi\u00a017h30<\/strong><\/span><\/td>\n<td style=\"width: 92px; text-align: center;\"><span style=\"color: #000080;\" wfd-id=\"67\"><strong>13h45<\/strong><\/span><\/td>\n<td style=\"width: 92px; text-align: center;\"><span style=\"color: #000080;\" wfd-id=\"66\"><strong>17h00<\/strong><\/span><\/td>\n<\/tr>\n<tr>\n<td style=\"width: 660px;\"><span style=\"color: #000080;\" wfd-id=\"65\"><strong>Les\u00a0cours MOYEN 1 du\u00a0Lundi 18h45<\/strong><\/span><\/td>\n<td style=\"width: 92px; text-align: center;\"><span style=\"color: #000080;\" wfd-id=\"64\"><strong>13h45<\/strong><\/span><\/td>\n<td style=\"width: 92px; text-align: center;\"><span style=\"color: #000080;\" wfd-id=\"63\"><strong>17h30<\/strong><\/span><\/td>\n<\/tr>\n<tr>\n<td style=\"width: 660px;\"><span style=\"color: #000080;\" wfd-id=\"62\"><strong>Les\u00a0cours MOYEN 2 du\u00a0Jeudi\u00a018h45\u00a0et MOYEN 3 du Mardi\u00a018h45<\/strong><\/span><\/td>\n<td style=\"width: 92px; text-align: center;\"><span style=\"color: #000080;\" wfd-id=\"61\"><strong>13h45<\/strong><\/span><\/td>\n<td style=\"width: 92px; text-align: center;\"><span style=\"color: #000080;\" wfd-id=\"60\"><strong>\u00a017h45<\/strong><\/span><\/td>\n<\/tr>\n<tr>\n<td style=\"width: 660px;\"><span style=\"color: #000080;\" wfd-id=\"59\"><strong>Les cours AVANCE du Mercredi 18h45 et cours SUPERIEUR<\/strong><\/span><\/td>\n<td style=\"width: 92px; text-align: center;\"><span style=\"color: #000080;\" wfd-id=\"58\"><strong>13h45<\/strong><\/span><\/td>\n<td style=\"width: 92px; text-align: center;\"><span style=\"color: #000080;\" wfd-id=\"57\"><strong>\u00a018h00<\/strong><\/span><\/td>\n<\/tr>\n<tr>\n<td style=\"width: 660px;\"><\/td>\n<td style=\"width: 92px;\"><\/td>\n<td style=\"width: 92px;\"><\/td>\n<\/tr>\n<\/tbody>\n<\/table>\n<p><span style=\"color: #000080;\" wfd-id=\"56\"><strong>\u00a0 \u00a0ATTENTION : Pour la r\u00e9p\u00e9tition l\u2019acc\u00e8s aux coulisses se fait par l\u2019arri\u00e8re du ZENITH. Les parents doivent accompagner leurs enfants dans les coulisses 10 minutes avant les horaires de d\u00e9but et venir les r\u00e9cup\u00e9rer aux horaires de fin.<\/strong><\/span><\/p>\n<p><span style=\"color: #000080;\" wfd-id=\"55\"><strong>Cependant les parents d\u00e9sirant assister \u00e0 la r\u00e9petition peuvent rester dans la salle.<\/strong><\/span><\/p>\n<p><span style=\"color: #000080;\" wfd-id=\"54\"><strong>L&#8217;acc\u00e8s aux coulisses \u00e9tant interdit aux v\u00e9hicules, merci d&#8217;utiliser les parking \u00e0 l&#8217;arri\u00e8re du Z\u00e9nith et amener vos enfants \u00e0 pieds jusqu&#8217;aux coulisses (200m \u00e0 pieds).<\/strong><\/span><\/p>\n<p><span style=\"color: #000080;\" wfd-id=\"53\"><strong>Le Photographe sera sur place \u00e0 \u00a0partir de 15 h pour prendre vos enfants en photos studio et s&#8217;arr\u00eatera \u00e0 19H00 pour que le spectacle puisse commencer \u00e0 20 H .<\/strong><\/span><\/p>\n<p><span style=\"color: #000080;\" wfd-id=\"52\"><strong>Les costumes devront \u00eatre amen\u00e9s dans les loges l&#8217;apr\u00e8s midi, ne pas oublier le TUTU COURT BLANC pour la Pr\u00e9sentation (d\u00e9fil\u00e9 )sauf les Cours du Mercredi 16h, Lundi 17h45 et du Mardi 17h45 qui devront arriver en tutus blancs et collants au plus tard \u00e0 19h15 coiff\u00e9es (Chignon) et maquill\u00e9es.<\/strong><\/span><\/p>\n<p><span style=\"color: #000080;\" wfd-id=\"51\"><strong>Durant la r\u00e9p\u00e9tition g\u00e9n\u00e9rale, les enfants restent sous la responsabilit\u00e9 de leurs parents. Nous ne pouvons assurer le gardiennage et la surveillance de plus de 170 enfants sans votre aide &#8230;&#8230;..merci. <\/strong><\/span><\/p>\n<p><span style=\"color: #000080;\" wfd-id=\"50\"><strong>Les parents peuvent assister \u00e0 la r\u00e9p\u00e9tition du gala dans la salle. Nous vous prions de ne pas laisser vos enfants sans la surveillance d\u2019un adulte&#8230;&#8230;.nous ne voulons pas voir des \u201cpetites\u201d d\u00e9ambuler seules dans le Zenith en attendant leurs parents.<\/strong><\/span><\/p>\n<p><span style=\"color: #000080;\" wfd-id=\"49\"><strong>Respectez les horaires de fin car les \u00e9l\u00e8ves devront \u00eatre \u00e0 nouveau pr\u00e9sentes \u00e0 19h15 en coulisses, le gala d\u00e9butant \u00e0 20h pr\u00e9cises.<\/strong><\/span><\/p>\n<p><span style=\"color: #000080;\" wfd-id=\"48\"><strong>Les \u00e9l\u00e8ves des Cours El\u00e9mentaire 3, Moyens, Avanc\u00e9 et Sup\u00e9rieur peuvent rester sur place apr\u00e8s la r\u00e9p\u00e9tition, \u00e0 condition d&#8217;amener un pique-nique.<\/strong><\/span><\/p>\n<p><span style=\"color: #000080;\" wfd-id=\"47\"><strong>ATTENTION : Aucune copine ou cop<\/strong><\/span><span style=\"color: #000080;\" wfd-id=\"47\"><strong>ain ne seront accept\u00e9s en loges durant le spectacle pour des raisons de s\u00e9curit\u00e9 et d&#8217;assurance. Aucune exception ne sera faite.<\/strong><\/span><\/p>\n<\/td>\n<\/tr>\n<tr>\n<td class=\"namo-table\" width=\"889\" height=\"22\">\n<p align=\"center\"><span style=\"color: #003366;\" wfd-id=\"46\"><img loading=\"lazy\" decoding=\"async\" src=\"Documents\/Plan-int-Zenith-[Converti].jpg\" width=\"376\" height=\"362\" border=\"0\" \/><\/span><\/p>\n<p>&nbsp;<\/p>\n<\/td>\n<\/tr>\n<tr>\n<td class=\"namo-table\" width=\"889\" height=\"22\"><\/td>\n<\/tr>\n<\/tbody>\n<\/table>\n<p>[\/et_pb_text][\/et_pb_column][\/et_pb_row][\/et_pb_section]<\/p>\n","protected":false},"excerpt":{"rendered":"<p>\u00a0 R\u00e9p\u00e9titions\u00a0\u00a0\u00a0 \u00a0 \u00a0\u00a0\u00a0 Costumes\u00a0\u00a0\u00a0 \u00a0 \u00a0\u00a0\u00a0R\u00e9servations\u00a0\u00a0 \u00a0 \u00a0\u00a0\u00a0Organisation\u00a0\u00a0 \u00a0 \u00a0\u00a0 Plan d\u2019acc\u00e8s\u00a0\u00a0\u00a0 \u00a0 \u00a0\u00a0\u00a0 \u00a0Vid\u00e9o DVD\u00a0 \u00a0\u00a0 \u00a0 \u00a0\u00a0Reportage PhotosREPETITIONS GENERALES du GALA annuel 2026 de l\u2019\u00e9cole Merci de bien vouloir noter ces dates sur vos agendas car ces r\u00e9p\u00e9titions sont primordiales \u00e0 la r\u00e9ussite du gala de vos enfants.le Samedi 6 Juin 2026\u00a0de [&hellip;]<\/p>\n","protected":false},"author":1,"featured_media":0,"parent":2777,"menu_order":0,"comment_status":"closed","ping_status":"closed","template":"","meta":{"_et_pb_use_builder":"on","_et_pb_old_content":"","_et_gb_content_width":"","footnotes":""},"class_list":["post-2779","page","type-page","status-publish","hentry"],"yoast_head":"<!-- This site is optimized with the Yoast SEO plugin v23.9 - https:\/\/yoast.com\/wordpress\/plugins\/seo\/ -->\n<title>R\u00e9p\u00e9titions - ECOLE de DANSE CLASSIQUE de JUVIGNAC<\/title>\n<meta name=\"robots\" content=\"index, follow, max-snippet:-1, max-image-preview:large, max-video-preview:-1\" \/>\n<link rel=\"canonical\" href=\"https:\/\/danse-classique.com\/index.php\/gala-2026\/repetitions\/\" \/>\n<meta property=\"og:locale\" content=\"fr_FR\" \/>\n<meta property=\"og:type\" content=\"article\" \/>\n<meta property=\"og:title\" content=\"R\u00e9p\u00e9titions - ECOLE de DANSE CLASSIQUE de JUVIGNAC\" \/>\n<meta property=\"og:description\" content=\"\u00a0 R\u00e9p\u00e9titions\u00a0\u00a0\u00a0 \u00a0 \u00a0\u00a0\u00a0 Costumes\u00a0\u00a0\u00a0 \u00a0 \u00a0\u00a0\u00a0R\u00e9servations\u00a0\u00a0 \u00a0 \u00a0\u00a0\u00a0Organisation\u00a0\u00a0 \u00a0 \u00a0\u00a0 Plan d\u2019acc\u00e8s\u00a0\u00a0\u00a0 \u00a0 \u00a0\u00a0\u00a0 \u00a0Vid\u00e9o DVD\u00a0 \u00a0\u00a0 \u00a0 \u00a0\u00a0Reportage PhotosREPETITIONS GENERALES du GALA annuel 2026 de l\u2019\u00e9cole Merci de bien vouloir noter ces dates sur vos agendas car ces r\u00e9p\u00e9titions sont primordiales \u00e0 la r\u00e9ussite du gala de vos enfants.le Samedi 6 Juin 2026\u00a0de [&hellip;]\" \/>\n<meta property=\"og:url\" content=\"https:\/\/danse-classique.com\/index.php\/gala-2026\/repetitions\/\" \/>\n<meta property=\"og:site_name\" content=\"ECOLE de DANSE CLASSIQUE de JUVIGNAC\" \/>\n<meta property=\"article:publisher\" content=\"https:\/\/www.facebook.com\/profile.php?id=100014698264275\" \/>\n<meta property=\"article:modified_time\" content=\"2026-03-10T11:20:16+00:00\" \/>\n<meta name=\"twitter:card\" content=\"summary_large_image\" \/>\n<meta name=\"twitter:label1\" content=\"Dur\u00e9e de lecture estim\u00e9e\" \/>\n\t<meta name=\"twitter:data1\" content=\"1 minute\" \/>\n<script type=\"application\/ld+json\" class=\"yoast-schema-graph\">{\"@context\":\"https:\/\/schema.org\",\"@graph\":[{\"@type\":\"WebPage\",\"@id\":\"https:\/\/danse-classique.com\/index.php\/gala-2026\/repetitions\/\",\"url\":\"https:\/\/danse-classique.com\/index.php\/gala-2026\/repetitions\/\",\"name\":\"R\u00e9p\u00e9titions - ECOLE de DANSE CLASSIQUE de JUVIGNAC\",\"isPartOf\":{\"@id\":\"https:\/\/danse-classique.com\/#website\"},\"datePublished\":\"2018-02-06T16:02:46+00:00\",\"dateModified\":\"2026-03-10T11:20:16+00:00\",\"breadcrumb\":{\"@id\":\"https:\/\/danse-classique.com\/index.php\/gala-2026\/repetitions\/#breadcrumb\"},\"inLanguage\":\"fr-FR\",\"potentialAction\":[{\"@type\":\"ReadAction\",\"target\":[\"https:\/\/danse-classique.com\/index.php\/gala-2026\/repetitions\/\"]}]},{\"@type\":\"BreadcrumbList\",\"@id\":\"https:\/\/danse-classique.com\/index.php\/gala-2026\/repetitions\/#breadcrumb\",\"itemListElement\":[{\"@type\":\"ListItem\",\"position\":1,\"name\":\"Accueil\",\"item\":\"https:\/\/danse-classique.com\/\"},{\"@type\":\"ListItem\",\"position\":2,\"name\":\"Gala 2026\",\"item\":\"https:\/\/danse-classique.com\/index.php\/gala-2026\/\"},{\"@type\":\"ListItem\",\"position\":3,\"name\":\"R\u00e9p\u00e9titions\"}]},{\"@type\":\"WebSite\",\"@id\":\"https:\/\/danse-classique.com\/#website\",\"url\":\"https:\/\/danse-classique.com\/\",\"name\":\"ECOLE de DANSE CLASSIQUE de JUVIGNAC\",\"description\":\"Votre \u00e9cole de Danse depuis 40 ans\",\"publisher\":{\"@id\":\"https:\/\/danse-classique.com\/#organization\"},\"potentialAction\":[{\"@type\":\"SearchAction\",\"target\":{\"@type\":\"EntryPoint\",\"urlTemplate\":\"https:\/\/danse-classique.com\/?s={search_term_string}\"},\"query-input\":{\"@type\":\"PropertyValueSpecification\",\"valueRequired\":true,\"valueName\":\"search_term_string\"}}],\"inLanguage\":\"fr-FR\"},{\"@type\":\"Organization\",\"@id\":\"https:\/\/danse-classique.com\/#organization\",\"name\":\"ECOLE DE DANSE CLASSQIUE DE JUVIGNAC\",\"url\":\"https:\/\/danse-classique.com\/\",\"logo\":{\"@type\":\"ImageObject\",\"inLanguage\":\"fr-FR\",\"@id\":\"https:\/\/danse-classique.com\/#\/schema\/logo\/image\/\",\"url\":\"https:\/\/danse-classique.com\/wp-content\/uploads\/Photos_Galas\/Gala_2015\/Aladdin\/PL1679.jpg\",\"contentUrl\":\"https:\/\/danse-classique.com\/wp-content\/uploads\/Photos_Galas\/Gala_2015\/Aladdin\/PL1679.jpg\",\"width\":1632,\"height\":2448,\"caption\":\"ECOLE DE DANSE CLASSQIUE DE JUVIGNAC\"},\"image\":{\"@id\":\"https:\/\/danse-classique.com\/#\/schema\/logo\/image\/\"},\"sameAs\":[\"https:\/\/www.facebook.com\/profile.php?id=100014698264275\"]}]}<\/script>\n<!-- \/ Yoast SEO plugin. -->","yoast_head_json":{"title":"R\u00e9p\u00e9titions - ECOLE de DANSE CLASSIQUE de JUVIGNAC","robots":{"index":"index","follow":"follow","max-snippet":"max-snippet:-1","max-image-preview":"max-image-preview:large","max-video-preview":"max-video-preview:-1"},"canonical":"https:\/\/danse-classique.com\/index.php\/gala-2026\/repetitions\/","og_locale":"fr_FR","og_type":"article","og_title":"R\u00e9p\u00e9titions - ECOLE de DANSE CLASSIQUE de JUVIGNAC","og_description":"\u00a0 R\u00e9p\u00e9titions\u00a0\u00a0\u00a0 \u00a0 \u00a0\u00a0\u00a0 Costumes\u00a0\u00a0\u00a0 \u00a0 \u00a0\u00a0\u00a0R\u00e9servations\u00a0\u00a0 \u00a0 \u00a0\u00a0\u00a0Organisation\u00a0\u00a0 \u00a0 \u00a0\u00a0 Plan d\u2019acc\u00e8s\u00a0\u00a0\u00a0 \u00a0 \u00a0\u00a0\u00a0 \u00a0Vid\u00e9o DVD\u00a0 \u00a0\u00a0 \u00a0 \u00a0\u00a0Reportage PhotosREPETITIONS GENERALES du GALA annuel 2026 de l\u2019\u00e9cole Merci de bien vouloir noter ces dates sur vos agendas car ces r\u00e9p\u00e9titions sont primordiales \u00e0 la r\u00e9ussite du gala de vos enfants.le Samedi 6 Juin 2026\u00a0de [&hellip;]","og_url":"https:\/\/danse-classique.com\/index.php\/gala-2026\/repetitions\/","og_site_name":"ECOLE de DANSE CLASSIQUE de JUVIGNAC","article_publisher":"https:\/\/www.facebook.com\/profile.php?id=100014698264275","article_modified_time":"2026-03-10T11:20:16+00:00","twitter_card":"summary_large_image","twitter_misc":{"Dur\u00e9e de lecture estim\u00e9e":"1 minute"},"schema":{"@context":"https:\/\/schema.org","@graph":[{"@type":"WebPage","@id":"https:\/\/danse-classique.com\/index.php\/gala-2026\/repetitions\/","url":"https:\/\/danse-classique.com\/index.php\/gala-2026\/repetitions\/","name":"R\u00e9p\u00e9titions - ECOLE de DANSE CLASSIQUE de JUVIGNAC","isPartOf":{"@id":"https:\/\/danse-classique.com\/#website"},"datePublished":"2018-02-06T16:02:46+00:00","dateModified":"2026-03-10T11:20:16+00:00","breadcrumb":{"@id":"https:\/\/danse-classique.com\/index.php\/gala-2026\/repetitions\/#breadcrumb"},"inLanguage":"fr-FR","potentialAction":[{"@type":"ReadAction","target":["https:\/\/danse-classique.com\/index.php\/gala-2026\/repetitions\/"]}]},{"@type":"BreadcrumbList","@id":"https:\/\/danse-classique.com\/index.php\/gala-2026\/repetitions\/#breadcrumb","itemListElement":[{"@type":"ListItem","position":1,"name":"Accueil","item":"https:\/\/danse-classique.com\/"},{"@type":"ListItem","position":2,"name":"Gala 2026","item":"https:\/\/danse-classique.com\/index.php\/gala-2026\/"},{"@type":"ListItem","position":3,"name":"R\u00e9p\u00e9titions"}]},{"@type":"WebSite","@id":"https:\/\/danse-classique.com\/#website","url":"https:\/\/danse-classique.com\/","name":"ECOLE de DANSE CLASSIQUE de JUVIGNAC","description":"Votre \u00e9cole de Danse depuis 40 ans","publisher":{"@id":"https:\/\/danse-classique.com\/#organization"},"potentialAction":[{"@type":"SearchAction","target":{"@type":"EntryPoint","urlTemplate":"https:\/\/danse-classique.com\/?s={search_term_string}"},"query-input":{"@type":"PropertyValueSpecification","valueRequired":true,"valueName":"search_term_string"}}],"inLanguage":"fr-FR"},{"@type":"Organization","@id":"https:\/\/danse-classique.com\/#organization","name":"ECOLE DE DANSE CLASSQIUE DE JUVIGNAC","url":"https:\/\/danse-classique.com\/","logo":{"@type":"ImageObject","inLanguage":"fr-FR","@id":"https:\/\/danse-classique.com\/#\/schema\/logo\/image\/","url":"https:\/\/danse-classique.com\/wp-content\/uploads\/Photos_Galas\/Gala_2015\/Aladdin\/PL1679.jpg","contentUrl":"https:\/\/danse-classique.com\/wp-content\/uploads\/Photos_Galas\/Gala_2015\/Aladdin\/PL1679.jpg","width":1632,"height":2448,"caption":"ECOLE DE DANSE CLASSQIUE DE JUVIGNAC"},"image":{"@id":"https:\/\/danse-classique.com\/#\/schema\/logo\/image\/"},"sameAs":["https:\/\/www.facebook.com\/profile.php?id=100014698264275"]}]}},"_links":{"self":[{"href":"https:\/\/danse-classique.com\/index.php\/wp-json\/wp\/v2\/pages\/2779","targetHints":{"allow":["GET"]}}],"collection":[{"href":"https:\/\/danse-classique.com\/index.php\/wp-json\/wp\/v2\/pages"}],"about":[{"href":"https:\/\/danse-classique.com\/index.php\/wp-json\/wp\/v2\/types\/page"}],"author":[{"embeddable":true,"href":"https:\/\/danse-classique.com\/index.php\/wp-json\/wp\/v2\/users\/1"}],"replies":[{"embeddable":true,"href":"https:\/\/danse-classique.com\/index.php\/wp-json\/wp\/v2\/comments?post=2779"}],"version-history":[{"count":47,"href":"https:\/\/danse-classique.com\/index.php\/wp-json\/wp\/v2\/pages\/2779\/revisions"}],"predecessor-version":[{"id":79128,"href":"https:\/\/danse-classique.com\/index.php\/wp-json\/wp\/v2\/pages\/2779\/revisions\/79128"}],"up":[{"embeddable":true,"href":"https:\/\/danse-classique.com\/index.php\/wp-json\/wp\/v2\/pages\/2777"}],"wp:attachment":[{"href":"https:\/\/danse-classique.com\/index.php\/wp-json\/wp\/v2\/media?parent=2779"}],"curies":[{"name":"wp","href":"https:\/\/api.w.org\/{rel}","templated":true}]}}