{"id":2783,"date":"2018-02-06T17:04:16","date_gmt":"2018-02-06T16:04:16","guid":{"rendered":"http:\/\/danse-classique.com\/?page_id=2783"},"modified":"2026-04-18T19:06:06","modified_gmt":"2026-04-18T17:06:06","slug":"reservations","status":"publish","type":"page","link":"https:\/\/danse-classique.com\/index.php\/gala-2026\/reservations\/","title":{"rendered":"R\u00e9servations"},"content":{"rendered":"<p>[et_pb_section fb_built=&#8221;1&#8243; _builder_version=&#8221;3.0.100&#8243; custom_padding=&#8221;0px|0px|4px|0px&#8221; global_module=&#8221;2828&#8243; global_colors_info=&#8221;{}&#8221;][et_pb_row _builder_version=&#8221;4.16&#8243; background_size=&#8221;initial&#8221; background_position=&#8221;top_left&#8221; background_repeat=&#8221;repeat&#8221; custom_padding=&#8221;27px|0px|1px|0px&#8221; global_colors_info=&#8221;{}&#8221;][et_pb_column type=&#8221;4_4&#8243; _builder_version=&#8221;4.16&#8243; custom_padding=&#8221;|||&#8221; global_colors_info=&#8221;{}&#8221; custom_padding__hover=&#8221;|||&#8221;][et_pb_text admin_label=&#8221;Menu Gala 2019&#8243; _builder_version=&#8221;4.16&#8243; global_colors_info=&#8221;{}&#8221;]<\/p>\n<p><a class=\"small-button smallblue\" href=\"..\/repetitions\/\">\u00a0 R\u00e9p\u00e9titions\u00a0\u00a0<\/a>\u00a0 \u00a0 \u00a0\u00a0<a class=\"small-button smallblue\" href=\"..\/costumes\/\">\u00a0 Costumes\u00a0\u00a0<\/a>\u00a0 \u00a0 \u00a0\u00a0<a class=\"small-button smallblue\" href=\"..\/reservations\/\">\u00a0R\u00e9servations\u00a0<\/a>\u00a0 \u00a0 \u00a0\u00a0<a class=\"small-button smallblue\" href=\"..\/organisation\/\">\u00a0Organisation\u00a0<\/a>\u00a0 \u00a0 \u00a0<a class=\"small-button smallblue\" href=\"..\/plan-dacces\/\">\u00a0 Plan d\u2019acc\u00e8s\u00a0\u00a0<\/a>\u00a0 \u00a0 \u00a0\u00a0<a class=\"small-button smallblue\" href=\"..\/Video-dvd\/\">\u00a0 \u00a0Vid\u00e9o DVD\u00a0 \u00a0<\/a>\u00a0 \u00a0 \u00a0\u00a0<a class=\"small-button smallblue\" href=\"https:\/\/danse-classique.com\/index.php\/gala-2018\/reportage-photos\/\">Reportage Photos<\/a><\/p>\n<p>[\/et_pb_text][\/et_pb_column][\/et_pb_row][\/et_pb_section][et_pb_section fb_built=&#8221;1&#8243; _builder_version=&#8221;4.16&#8243; custom_padding=&#8221;11px|0px|54px|0px&#8221; global_colors_info=&#8221;{}&#8221;][et_pb_row column_structure=&#8221;1_2,1_2&#8243; _builder_version=&#8221;4.16&#8243; background_size=&#8221;initial&#8221; background_position=&#8221;top_left&#8221; background_repeat=&#8221;repeat&#8221; width=&#8221;100%&#8221; max_width=&#8221;1710px&#8221; module_alignment=&#8221;center&#8221; custom_margin=&#8221;|auto||131px||&#8221; custom_padding=&#8221;5px|0px|27px|0px&#8221; global_colors_info=&#8221;{}&#8221;][et_pb_column type=&#8221;1_2&#8243; _builder_version=&#8221;4.16&#8243; custom_padding=&#8221;|||&#8221; global_colors_info=&#8221;{}&#8221; custom_padding__hover=&#8221;|||&#8221;][et_pb_text admin_label=&#8221;R\u00e9servations&#8221; _builder_version=&#8221;4.27.6&#8243; custom_margin=&#8221;|-7px||&#8221; hover_enabled=&#8221;0&#8243; global_colors_info=&#8221;{}&#8221; sticky_enabled=&#8221;0&#8243;]<\/p>\n<p style=\"text-align: center;\"><strong style=\"color: #006ac1; font-family: 'comic sans ms', sans-serif; font-size: 18pt;\">\u00a0RESERVATIONS<\/strong><\/p>\n<p style=\"text-align: center;\"><strong style=\"color: #006ac1; font-family: 'comic sans ms', sans-serif; font-size: 18pt;\">GALA 2026<\/strong><\/p>\n<p style=\"text-align: center;\"><span style=\"font-size: 18pt; font-family: 'comic sans ms', sans-serif; color: #006ac1;\"><strong>du Dimanche 14 Juin \u00e0 l&#8217;Op\u00e9ra Berlioz du Corum de Montpellier<\/strong><\/span><\/p>\n<p style=\"text-align: left;\"><span style=\"font-family: 'comic sans ms', sans-serif; font-size: large;\">Pour les \u00e9l\u00e8ves de l&#8217;\u00e9cole, l&#8217;achat des places se fera par le Bon de r\u00e9servation qui vous sera remis \u00e0 partir du Lundi 4 Mai 2026<\/span><\/p>\n<p style=\"text-align: left;\"><span style=\"font-family: 'comic sans ms', sans-serif; font-size: large;\">Pour les Non adh\u00e9rents, les places seront disponibles \u00e0 l&#8217;achat lors de la r\u00e9p\u00e9tition g\u00e9n\u00e9rale du<\/span><\/p>\n<p style=\"text-align: center;\"><span style=\"font-size: large;\"><strong><span style=\"color: #000080; font-family: 'comic sans ms', sans-serif;\">Samedi 6 JUIN 2026 de 14h00 \u00e0 16h00<br \/>dans le hall de la Salle de Danse, Complexe Lionel de Brun\u00e9lis<\/span><\/strong><\/span><\/p>\n<p>&nbsp;<\/p>\n<p style=\"text-align: center;\"><span style=\"font-family: 'comic sans ms', sans-serif; font-size: 12pt;\"><span style=\"font-size: large;\">\u00a0Le prix des Places <span style=\"text-decoration: underline;\">sera de<\/span> :<\/span><br \/><span style=\"font-size: large;\"><b><span style=\"color: #000000;\">Adultes :<\/span>\u00a0 \u00a0<span style=\"color: #e00b00;\">27 Euros<br \/><span style=\"color: #000000;\">Enfants de 3 \u00e0 12 ans :<\/span> 18 Euros<\/span><\/b><\/span><\/span><\/p>\n<p><span style=\"font-size: large; font-family: 'comic sans ms', sans-serif;\">Les places ne sont pas num\u00e9rot\u00e9es, placement libre<\/span><\/p>\n<p>&nbsp;<\/p>\n<p>&nbsp;<\/p>\n<p>[\/et_pb_text][\/et_pb_column][et_pb_column type=&#8221;1_2&#8243; _builder_version=&#8221;4.16&#8243; custom_padding=&#8221;|||&#8221; global_colors_info=&#8221;{}&#8221; custom_padding__hover=&#8221;|||&#8221;][\/et_pb_column][\/et_pb_row][\/et_pb_section]<\/p>\n","protected":false},"excerpt":{"rendered":"<p>\u00a0 R\u00e9p\u00e9titions\u00a0\u00a0\u00a0 \u00a0 \u00a0\u00a0\u00a0 Costumes\u00a0\u00a0\u00a0 \u00a0 \u00a0\u00a0\u00a0R\u00e9servations\u00a0\u00a0 \u00a0 \u00a0\u00a0\u00a0Organisation\u00a0\u00a0 \u00a0 \u00a0\u00a0 Plan d\u2019acc\u00e8s\u00a0\u00a0\u00a0 \u00a0 \u00a0\u00a0\u00a0 \u00a0Vid\u00e9o DVD\u00a0 \u00a0\u00a0 \u00a0 \u00a0\u00a0Reportage Photos\u00a0RESERVATIONS GALA 2026 du Dimanche 14 Juin \u00e0 l&#8217;Op\u00e9ra Berlioz du Corum de Montpellier Pour les \u00e9l\u00e8ves de l&#8217;\u00e9cole, l&#8217;achat des places se fera par le Bon de r\u00e9servation qui vous sera remis \u00e0 partir [&hellip;]<\/p>\n","protected":false},"author":1,"featured_media":0,"parent":2777,"menu_order":0,"comment_status":"closed","ping_status":"closed","template":"","meta":{"_et_pb_use_builder":"on","_et_pb_old_content":"","_et_gb_content_width":"","footnotes":""},"class_list":["post-2783","page","type-page","status-publish","hentry"],"yoast_head":"<!-- This site is optimized with the Yoast SEO plugin v23.9 - https:\/\/yoast.com\/wordpress\/plugins\/seo\/ -->\n<title>R\u00e9servations - ECOLE de DANSE CLASSIQUE de JUVIGNAC<\/title>\n<meta name=\"robots\" content=\"index, follow, max-snippet:-1, max-image-preview:large, max-video-preview:-1\" \/>\n<link rel=\"canonical\" href=\"https:\/\/danse-classique.com\/index.php\/gala-2026\/reservations\/\" \/>\n<meta property=\"og:locale\" content=\"fr_FR\" \/>\n<meta property=\"og:type\" content=\"article\" \/>\n<meta property=\"og:title\" content=\"R\u00e9servations - ECOLE de DANSE CLASSIQUE de JUVIGNAC\" \/>\n<meta property=\"og:description\" content=\"\u00a0 R\u00e9p\u00e9titions\u00a0\u00a0\u00a0 \u00a0 \u00a0\u00a0\u00a0 Costumes\u00a0\u00a0\u00a0 \u00a0 \u00a0\u00a0\u00a0R\u00e9servations\u00a0\u00a0 \u00a0 \u00a0\u00a0\u00a0Organisation\u00a0\u00a0 \u00a0 \u00a0\u00a0 Plan d\u2019acc\u00e8s\u00a0\u00a0\u00a0 \u00a0 \u00a0\u00a0\u00a0 \u00a0Vid\u00e9o DVD\u00a0 \u00a0\u00a0 \u00a0 \u00a0\u00a0Reportage Photos\u00a0RESERVATIONS GALA 2026 du Dimanche 14 Juin \u00e0 l&#039;Op\u00e9ra Berlioz du Corum de Montpellier Pour les \u00e9l\u00e8ves de l&#039;\u00e9cole, l&#039;achat des places se fera par le Bon de r\u00e9servation qui vous sera remis \u00e0 partir [&hellip;]\" \/>\n<meta property=\"og:url\" content=\"https:\/\/danse-classique.com\/index.php\/gala-2026\/reservations\/\" \/>\n<meta property=\"og:site_name\" content=\"ECOLE de DANSE CLASSIQUE de JUVIGNAC\" \/>\n<meta property=\"article:publisher\" content=\"https:\/\/www.facebook.com\/profile.php?id=100014698264275\" \/>\n<meta property=\"article:modified_time\" content=\"2026-04-18T17:06:06+00:00\" \/>\n<meta name=\"twitter:card\" content=\"summary_large_image\" \/>\n<meta name=\"twitter:label1\" content=\"Dur\u00e9e de lecture estim\u00e9e\" \/>\n\t<meta name=\"twitter:data1\" content=\"1 minute\" \/>\n<script type=\"application\/ld+json\" class=\"yoast-schema-graph\">{\"@context\":\"https:\/\/schema.org\",\"@graph\":[{\"@type\":\"WebPage\",\"@id\":\"https:\/\/danse-classique.com\/index.php\/gala-2026\/reservations\/\",\"url\":\"https:\/\/danse-classique.com\/index.php\/gala-2026\/reservations\/\",\"name\":\"R\u00e9servations - ECOLE de DANSE CLASSIQUE de JUVIGNAC\",\"isPartOf\":{\"@id\":\"https:\/\/danse-classique.com\/#website\"},\"datePublished\":\"2018-02-06T16:04:16+00:00\",\"dateModified\":\"2026-04-18T17:06:06+00:00\",\"breadcrumb\":{\"@id\":\"https:\/\/danse-classique.com\/index.php\/gala-2026\/reservations\/#breadcrumb\"},\"inLanguage\":\"fr-FR\",\"potentialAction\":[{\"@type\":\"ReadAction\",\"target\":[\"https:\/\/danse-classique.com\/index.php\/gala-2026\/reservations\/\"]}]},{\"@type\":\"BreadcrumbList\",\"@id\":\"https:\/\/danse-classique.com\/index.php\/gala-2026\/reservations\/#breadcrumb\",\"itemListElement\":[{\"@type\":\"ListItem\",\"position\":1,\"name\":\"Accueil\",\"item\":\"https:\/\/danse-classique.com\/\"},{\"@type\":\"ListItem\",\"position\":2,\"name\":\"Gala 2026\",\"item\":\"https:\/\/danse-classique.com\/index.php\/gala-2026\/\"},{\"@type\":\"ListItem\",\"position\":3,\"name\":\"R\u00e9servations\"}]},{\"@type\":\"WebSite\",\"@id\":\"https:\/\/danse-classique.com\/#website\",\"url\":\"https:\/\/danse-classique.com\/\",\"name\":\"ECOLE de DANSE CLASSIQUE de JUVIGNAC\",\"description\":\"Votre \u00e9cole de Danse depuis 40 ans\",\"publisher\":{\"@id\":\"https:\/\/danse-classique.com\/#organization\"},\"potentialAction\":[{\"@type\":\"SearchAction\",\"target\":{\"@type\":\"EntryPoint\",\"urlTemplate\":\"https:\/\/danse-classique.com\/?s={search_term_string}\"},\"query-input\":{\"@type\":\"PropertyValueSpecification\",\"valueRequired\":true,\"valueName\":\"search_term_string\"}}],\"inLanguage\":\"fr-FR\"},{\"@type\":\"Organization\",\"@id\":\"https:\/\/danse-classique.com\/#organization\",\"name\":\"ECOLE DE DANSE CLASSQIUE DE JUVIGNAC\",\"url\":\"https:\/\/danse-classique.com\/\",\"logo\":{\"@type\":\"ImageObject\",\"inLanguage\":\"fr-FR\",\"@id\":\"https:\/\/danse-classique.com\/#\/schema\/logo\/image\/\",\"url\":\"https:\/\/danse-classique.com\/wp-content\/uploads\/Photos_Galas\/Gala_2015\/Aladdin\/PL1679.jpg\",\"contentUrl\":\"https:\/\/danse-classique.com\/wp-content\/uploads\/Photos_Galas\/Gala_2015\/Aladdin\/PL1679.jpg\",\"width\":1632,\"height\":2448,\"caption\":\"ECOLE DE DANSE CLASSQIUE DE JUVIGNAC\"},\"image\":{\"@id\":\"https:\/\/danse-classique.com\/#\/schema\/logo\/image\/\"},\"sameAs\":[\"https:\/\/www.facebook.com\/profile.php?id=100014698264275\"]}]}<\/script>\n<!-- \/ Yoast SEO plugin. -->","yoast_head_json":{"title":"R\u00e9servations - ECOLE de DANSE CLASSIQUE de JUVIGNAC","robots":{"index":"index","follow":"follow","max-snippet":"max-snippet:-1","max-image-preview":"max-image-preview:large","max-video-preview":"max-video-preview:-1"},"canonical":"https:\/\/danse-classique.com\/index.php\/gala-2026\/reservations\/","og_locale":"fr_FR","og_type":"article","og_title":"R\u00e9servations - ECOLE de DANSE CLASSIQUE de JUVIGNAC","og_description":"\u00a0 R\u00e9p\u00e9titions\u00a0\u00a0\u00a0 \u00a0 \u00a0\u00a0\u00a0 Costumes\u00a0\u00a0\u00a0 \u00a0 \u00a0\u00a0\u00a0R\u00e9servations\u00a0\u00a0 \u00a0 \u00a0\u00a0\u00a0Organisation\u00a0\u00a0 \u00a0 \u00a0\u00a0 Plan d\u2019acc\u00e8s\u00a0\u00a0\u00a0 \u00a0 \u00a0\u00a0\u00a0 \u00a0Vid\u00e9o DVD\u00a0 \u00a0\u00a0 \u00a0 \u00a0\u00a0Reportage Photos\u00a0RESERVATIONS GALA 2026 du Dimanche 14 Juin \u00e0 l'Op\u00e9ra Berlioz du Corum de Montpellier Pour les \u00e9l\u00e8ves de l'\u00e9cole, l'achat des places se fera par le Bon de r\u00e9servation qui vous sera remis \u00e0 partir [&hellip;]","og_url":"https:\/\/danse-classique.com\/index.php\/gala-2026\/reservations\/","og_site_name":"ECOLE de DANSE CLASSIQUE de JUVIGNAC","article_publisher":"https:\/\/www.facebook.com\/profile.php?id=100014698264275","article_modified_time":"2026-04-18T17:06:06+00:00","twitter_card":"summary_large_image","twitter_misc":{"Dur\u00e9e de lecture estim\u00e9e":"1 minute"},"schema":{"@context":"https:\/\/schema.org","@graph":[{"@type":"WebPage","@id":"https:\/\/danse-classique.com\/index.php\/gala-2026\/reservations\/","url":"https:\/\/danse-classique.com\/index.php\/gala-2026\/reservations\/","name":"R\u00e9servations - ECOLE de DANSE CLASSIQUE de JUVIGNAC","isPartOf":{"@id":"https:\/\/danse-classique.com\/#website"},"datePublished":"2018-02-06T16:04:16+00:00","dateModified":"2026-04-18T17:06:06+00:00","breadcrumb":{"@id":"https:\/\/danse-classique.com\/index.php\/gala-2026\/reservations\/#breadcrumb"},"inLanguage":"fr-FR","potentialAction":[{"@type":"ReadAction","target":["https:\/\/danse-classique.com\/index.php\/gala-2026\/reservations\/"]}]},{"@type":"BreadcrumbList","@id":"https:\/\/danse-classique.com\/index.php\/gala-2026\/reservations\/#breadcrumb","itemListElement":[{"@type":"ListItem","position":1,"name":"Accueil","item":"https:\/\/danse-classique.com\/"},{"@type":"ListItem","position":2,"name":"Gala 2026","item":"https:\/\/danse-classique.com\/index.php\/gala-2026\/"},{"@type":"ListItem","position":3,"name":"R\u00e9servations"}]},{"@type":"WebSite","@id":"https:\/\/danse-classique.com\/#website","url":"https:\/\/danse-classique.com\/","name":"ECOLE de DANSE CLASSIQUE de JUVIGNAC","description":"Votre \u00e9cole de Danse depuis 40 ans","publisher":{"@id":"https:\/\/danse-classique.com\/#organization"},"potentialAction":[{"@type":"SearchAction","target":{"@type":"EntryPoint","urlTemplate":"https:\/\/danse-classique.com\/?s={search_term_string}"},"query-input":{"@type":"PropertyValueSpecification","valueRequired":true,"valueName":"search_term_string"}}],"inLanguage":"fr-FR"},{"@type":"Organization","@id":"https:\/\/danse-classique.com\/#organization","name":"ECOLE DE DANSE CLASSQIUE DE JUVIGNAC","url":"https:\/\/danse-classique.com\/","logo":{"@type":"ImageObject","inLanguage":"fr-FR","@id":"https:\/\/danse-classique.com\/#\/schema\/logo\/image\/","url":"https:\/\/danse-classique.com\/wp-content\/uploads\/Photos_Galas\/Gala_2015\/Aladdin\/PL1679.jpg","contentUrl":"https:\/\/danse-classique.com\/wp-content\/uploads\/Photos_Galas\/Gala_2015\/Aladdin\/PL1679.jpg","width":1632,"height":2448,"caption":"ECOLE DE DANSE CLASSQIUE DE JUVIGNAC"},"image":{"@id":"https:\/\/danse-classique.com\/#\/schema\/logo\/image\/"},"sameAs":["https:\/\/www.facebook.com\/profile.php?id=100014698264275"]}]}},"_links":{"self":[{"href":"https:\/\/danse-classique.com\/index.php\/wp-json\/wp\/v2\/pages\/2783","targetHints":{"allow":["GET"]}}],"collection":[{"href":"https:\/\/danse-classique.com\/index.php\/wp-json\/wp\/v2\/pages"}],"about":[{"href":"https:\/\/danse-classique.com\/index.php\/wp-json\/wp\/v2\/types\/page"}],"author":[{"embeddable":true,"href":"https:\/\/danse-classique.com\/index.php\/wp-json\/wp\/v2\/users\/1"}],"replies":[{"embeddable":true,"href":"https:\/\/danse-classique.com\/index.php\/wp-json\/wp\/v2\/comments?post=2783"}],"version-history":[{"count":47,"href":"https:\/\/danse-classique.com\/index.php\/wp-json\/wp\/v2\/pages\/2783\/revisions"}],"predecessor-version":[{"id":79399,"href":"https:\/\/danse-classique.com\/index.php\/wp-json\/wp\/v2\/pages\/2783\/revisions\/79399"}],"up":[{"embeddable":true,"href":"https:\/\/danse-classique.com\/index.php\/wp-json\/wp\/v2\/pages\/2777"}],"wp:attachment":[{"href":"https:\/\/danse-classique.com\/index.php\/wp-json\/wp\/v2\/media?parent=2783"}],"curies":[{"name":"wp","href":"https:\/\/api.w.org\/{rel}","templated":true}]}}