{"id":2789,"date":"2018-02-06T17:07:36","date_gmt":"2018-02-06T16:07:36","guid":{"rendered":"http:\/\/danse-classique.com\/?page_id=2789"},"modified":"2022-06-06T18:01:12","modified_gmt":"2022-06-06T16:01:12","slug":"video-dvd","status":"publish","type":"page","link":"https:\/\/danse-classique.com\/index.php\/gala-2026\/video-dvd\/","title":{"rendered":"Vid\u00e9o DVD"},"content":{"rendered":"<p>[et_pb_section fb_built=&#8221;1&#8243; _builder_version=&#8221;3.0.100&#8243; custom_padding=&#8221;0px|0px|4px|0px&#8221; global_module=&#8221;2828&#8243; global_colors_info=&#8221;{}&#8221;][et_pb_row _builder_version=&#8221;4.16&#8243; background_size=&#8221;initial&#8221; background_position=&#8221;top_left&#8221; background_repeat=&#8221;repeat&#8221; custom_padding=&#8221;27px|0px|1px|0px&#8221; global_colors_info=&#8221;{}&#8221;][et_pb_column type=&#8221;4_4&#8243; _builder_version=&#8221;4.16&#8243; custom_padding=&#8221;|||&#8221; global_colors_info=&#8221;{}&#8221; custom_padding__hover=&#8221;|||&#8221;][et_pb_text admin_label=&#8221;Menu Gala 2019&#8243; _builder_version=&#8221;4.16&#8243; global_colors_info=&#8221;{}&#8221;]<\/p>\n<p><a class=\"small-button smallblue\" href=\"..\/repetitions\/\">\u00a0 R\u00e9p\u00e9titions\u00a0\u00a0<\/a>\u00a0 \u00a0 \u00a0\u00a0<a class=\"small-button smallblue\" href=\"..\/costumes\/\">\u00a0 Costumes\u00a0\u00a0<\/a>\u00a0 \u00a0 \u00a0\u00a0<a class=\"small-button smallblue\" href=\"..\/reservations\/\">\u00a0R\u00e9servations\u00a0<\/a>\u00a0 \u00a0 \u00a0\u00a0<a class=\"small-button smallblue\" href=\"..\/organisation\/\">\u00a0Organisation\u00a0<\/a>\u00a0 \u00a0 \u00a0<a class=\"small-button smallblue\" href=\"..\/plan-dacces\/\">\u00a0 Plan d\u2019acc\u00e8s\u00a0\u00a0<\/a>\u00a0 \u00a0 \u00a0\u00a0<a class=\"small-button smallblue\" href=\"..\/Video-dvd\/\">\u00a0 \u00a0Vid\u00e9o DVD\u00a0 \u00a0<\/a>\u00a0 \u00a0 \u00a0\u00a0<a class=\"small-button smallblue\" href=\"https:\/\/danse-classique.com\/index.php\/gala-2018\/reportage-photos\/\">Reportage Photos<\/a><\/p>\n<p>[\/et_pb_text][\/et_pb_column][\/et_pb_row][\/et_pb_section][et_pb_section fb_built=&#8221;1&#8243; _builder_version=&#8221;4.16&#8243; global_colors_info=&#8221;{}&#8221;][et_pb_row column_structure=&#8221;2_5,3_5&#8243; _builder_version=&#8221;4.16&#8243; background_size=&#8221;initial&#8221; background_position=&#8221;top_left&#8221; background_repeat=&#8221;repeat&#8221; global_colors_info=&#8221;{}&#8221;][et_pb_column type=&#8221;2_5&#8243; _builder_version=&#8221;4.16&#8243; custom_padding=&#8221;|||&#8221; global_colors_info=&#8221;{}&#8221; custom_padding__hover=&#8221;|||&#8221;][et_pb_image src=&#8221;https:\/\/danse-classique.com\/wp-content\/uploads\/2022\/06\/Bon-commande-GM-Video-1-1024&#215;712.jpg&#8221; title_text=&#8221;Sans titre-1&#8243; url=&#8221;https:\/\/danse-classique.com\/wp-content\/uploads\/2022\/06\/Bon-commande-GM-Video.pdf&#8221; _builder_version=&#8221;4.17.4&#8243; _module_preset=&#8221;default&#8221; hover_enabled=&#8221;0&#8243; global_colors_info=&#8221;{}&#8221; sticky_enabled=&#8221;0&#8243;][\/et_pb_image][\/et_pb_column][et_pb_column type=&#8221;3_5&#8243; _builder_version=&#8221;4.16&#8243; custom_padding=&#8221;|||&#8221; global_colors_info=&#8221;{}&#8221; custom_padding__hover=&#8221;|||&#8221;][et_pb_text admin_label=&#8221;Vid\u00e9o DVD&#8221; _builder_version=&#8221;4.17.4&#8243; custom_padding=&#8221;||0px|||&#8221; global_colors_info=&#8221;{}&#8221;]<\/p>\n<p style=\"text-align: center;\"><span style=\"font-size: 18pt;\"><strong>VIDEO sur DVD du SPECTACLE<\/strong><\/span><\/p>\n<p><b><span style=\"color: white;\"><span style=\"color: #000000;\">Votre enfant va participer au spectacle de fin d&#8217;ann\u00e9e de l&#8217;\u00e9cole. C&#8217;est l&#8217;occasion de pr\u00e9senter sur sc\u00e8ne et en public le r\u00e9sultat d&#8217;une ann\u00e9e de travail. Afin que vous conserviez un souvenir vid\u00e9o de cette soir\u00e9e, l&#8217;\u00e9cole a fait appel \u00e0 une \u00e9quipe de cadreurs professionnels sp\u00e9cialis\u00e9s en danse.<\/span><\/span><\/b><\/p>\n<p><span style=\"color: #000000;\"><b>Ainsi vous obtiendrez un DVD de qualit\u00e9 optimale qui vous permettra de revivre chez vous l&#8217;int\u00e9gralit\u00e9 du spectacle.<\/b><\/span><\/p>\n<p><span style=\"color: #000000;\"><b>Pour vous\u00a0procurez\u00a0ce\u00a0DVD,\u00a0il\u00a0vous\u00a0suffit\u00a0de t\u00e9l\u00e9charger, d&#8217;imprimer et de\u00a0remplir\u00a0le\u00a0<a style=\"color: #000000;\" target=\"_self\" rel=\"noopener noreferrer\">Bon\u00a0de\u00a0Commande<\/a> et de le transmettre accompagner du r\u00e8glement au Professeur.<\/b><\/span><\/p>\n<p><span style=\"color: #000000;\"><b style=\"color: #000000;\">Le spectacle \u00e9tant film\u00e9\u00a0avec\u00a0des cam\u00e9ras HD, il est formellement interdit de filmer en s\u2019approchant de la sc\u00e8ne afin de ne pas <\/b><span style=\"color: #000000;\"><b>g\u00eaner<\/b><\/span><b style=\"color: #000000;\">\u00a0la prise de vue. <\/b><\/span><\/p>\n<p><span style=\"color: #000000;\"><b>Seul un photographe professionnel mandat\u00e9 par l\u2019Ecole sera autoris\u00e9 \u00e0 s\u2019approcher de la sc\u00e8ne.<\/b><\/span><\/p>\n<p><a href=\"https:\/\/danse-classique.com\/wp-content\/uploads\/2022\/06\/Bon-commande-GM-Video.pdf\" target=\"_blank\" rel=\"noopener\">Imprimer le BON de COMMANDE<\/a><\/p>\n<p>[\/et_pb_text][\/et_pb_column][\/et_pb_row][\/et_pb_section]<\/p>\n","protected":false},"excerpt":{"rendered":"<p>\u00a0 R\u00e9p\u00e9titions\u00a0\u00a0\u00a0 \u00a0 \u00a0\u00a0\u00a0 Costumes\u00a0\u00a0\u00a0 \u00a0 \u00a0\u00a0\u00a0R\u00e9servations\u00a0\u00a0 \u00a0 \u00a0\u00a0\u00a0Organisation\u00a0\u00a0 \u00a0 \u00a0\u00a0 Plan d\u2019acc\u00e8s\u00a0\u00a0\u00a0 \u00a0 \u00a0\u00a0\u00a0 \u00a0Vid\u00e9o DVD\u00a0 \u00a0\u00a0 \u00a0 \u00a0\u00a0Reportage PhotosVIDEO sur DVD du SPECTACLE Votre enfant va participer au spectacle de fin d&#8217;ann\u00e9e de l&#8217;\u00e9cole. C&#8217;est l&#8217;occasion de pr\u00e9senter sur sc\u00e8ne et en public le r\u00e9sultat d&#8217;une ann\u00e9e de travail. Afin que vous conserviez [&hellip;]<\/p>\n","protected":false},"author":1,"featured_media":0,"parent":2777,"menu_order":0,"comment_status":"closed","ping_status":"closed","template":"","meta":{"_et_pb_use_builder":"on","_et_pb_old_content":"","_et_gb_content_width":"","footnotes":""},"class_list":["post-2789","page","type-page","status-publish","hentry"],"yoast_head":"<!-- This site is optimized with the Yoast SEO plugin v23.9 - https:\/\/yoast.com\/wordpress\/plugins\/seo\/ -->\n<title>Vid\u00e9o DVD - ECOLE de DANSE CLASSIQUE de JUVIGNAC<\/title>\n<meta name=\"robots\" content=\"index, follow, max-snippet:-1, max-image-preview:large, max-video-preview:-1\" \/>\n<link rel=\"canonical\" href=\"https:\/\/danse-classique.com\/index.php\/gala-2026\/video-dvd\/\" \/>\n<meta property=\"og:locale\" content=\"fr_FR\" \/>\n<meta property=\"og:type\" content=\"article\" \/>\n<meta property=\"og:title\" content=\"Vid\u00e9o DVD - ECOLE de DANSE CLASSIQUE de JUVIGNAC\" \/>\n<meta property=\"og:description\" content=\"\u00a0 R\u00e9p\u00e9titions\u00a0\u00a0\u00a0 \u00a0 \u00a0\u00a0\u00a0 Costumes\u00a0\u00a0\u00a0 \u00a0 \u00a0\u00a0\u00a0R\u00e9servations\u00a0\u00a0 \u00a0 \u00a0\u00a0\u00a0Organisation\u00a0\u00a0 \u00a0 \u00a0\u00a0 Plan d\u2019acc\u00e8s\u00a0\u00a0\u00a0 \u00a0 \u00a0\u00a0\u00a0 \u00a0Vid\u00e9o DVD\u00a0 \u00a0\u00a0 \u00a0 \u00a0\u00a0Reportage PhotosVIDEO sur DVD du SPECTACLE Votre enfant va participer au spectacle de fin d&#039;ann\u00e9e de l&#039;\u00e9cole. C&#039;est l&#039;occasion de pr\u00e9senter sur sc\u00e8ne et en public le r\u00e9sultat d&#039;une ann\u00e9e de travail. Afin que vous conserviez [&hellip;]\" \/>\n<meta property=\"og:url\" content=\"https:\/\/danse-classique.com\/index.php\/gala-2026\/video-dvd\/\" \/>\n<meta property=\"og:site_name\" content=\"ECOLE de DANSE CLASSIQUE de JUVIGNAC\" \/>\n<meta property=\"article:publisher\" content=\"https:\/\/www.facebook.com\/profile.php?id=100014698264275\" \/>\n<meta property=\"article:modified_time\" content=\"2022-06-06T16:01:12+00:00\" \/>\n<meta name=\"twitter:card\" content=\"summary_large_image\" \/>\n<meta name=\"twitter:label1\" content=\"Dur\u00e9e de lecture estim\u00e9e\" \/>\n\t<meta name=\"twitter:data1\" content=\"2 minutes\" \/>\n<script type=\"application\/ld+json\" class=\"yoast-schema-graph\">{\"@context\":\"https:\/\/schema.org\",\"@graph\":[{\"@type\":\"WebPage\",\"@id\":\"https:\/\/danse-classique.com\/index.php\/gala-2026\/video-dvd\/\",\"url\":\"https:\/\/danse-classique.com\/index.php\/gala-2026\/video-dvd\/\",\"name\":\"Vid\u00e9o DVD - ECOLE de DANSE CLASSIQUE de JUVIGNAC\",\"isPartOf\":{\"@id\":\"https:\/\/danse-classique.com\/#website\"},\"datePublished\":\"2018-02-06T16:07:36+00:00\",\"dateModified\":\"2022-06-06T16:01:12+00:00\",\"breadcrumb\":{\"@id\":\"https:\/\/danse-classique.com\/index.php\/gala-2026\/video-dvd\/#breadcrumb\"},\"inLanguage\":\"fr-FR\",\"potentialAction\":[{\"@type\":\"ReadAction\",\"target\":[\"https:\/\/danse-classique.com\/index.php\/gala-2026\/video-dvd\/\"]}]},{\"@type\":\"BreadcrumbList\",\"@id\":\"https:\/\/danse-classique.com\/index.php\/gala-2026\/video-dvd\/#breadcrumb\",\"itemListElement\":[{\"@type\":\"ListItem\",\"position\":1,\"name\":\"Accueil\",\"item\":\"https:\/\/danse-classique.com\/\"},{\"@type\":\"ListItem\",\"position\":2,\"name\":\"Gala 2026\",\"item\":\"https:\/\/danse-classique.com\/index.php\/gala-2026\/\"},{\"@type\":\"ListItem\",\"position\":3,\"name\":\"Vid\u00e9o DVD\"}]},{\"@type\":\"WebSite\",\"@id\":\"https:\/\/danse-classique.com\/#website\",\"url\":\"https:\/\/danse-classique.com\/\",\"name\":\"ECOLE de DANSE CLASSIQUE de JUVIGNAC\",\"description\":\"Votre \u00e9cole de Danse depuis 40 ans\",\"publisher\":{\"@id\":\"https:\/\/danse-classique.com\/#organization\"},\"potentialAction\":[{\"@type\":\"SearchAction\",\"target\":{\"@type\":\"EntryPoint\",\"urlTemplate\":\"https:\/\/danse-classique.com\/?s={search_term_string}\"},\"query-input\":{\"@type\":\"PropertyValueSpecification\",\"valueRequired\":true,\"valueName\":\"search_term_string\"}}],\"inLanguage\":\"fr-FR\"},{\"@type\":\"Organization\",\"@id\":\"https:\/\/danse-classique.com\/#organization\",\"name\":\"ECOLE DE DANSE CLASSQIUE DE JUVIGNAC\",\"url\":\"https:\/\/danse-classique.com\/\",\"logo\":{\"@type\":\"ImageObject\",\"inLanguage\":\"fr-FR\",\"@id\":\"https:\/\/danse-classique.com\/#\/schema\/logo\/image\/\",\"url\":\"https:\/\/danse-classique.com\/wp-content\/uploads\/Photos_Galas\/Gala_2015\/Aladdin\/PL1679.jpg\",\"contentUrl\":\"https:\/\/danse-classique.com\/wp-content\/uploads\/Photos_Galas\/Gala_2015\/Aladdin\/PL1679.jpg\",\"width\":1632,\"height\":2448,\"caption\":\"ECOLE DE DANSE CLASSQIUE DE JUVIGNAC\"},\"image\":{\"@id\":\"https:\/\/danse-classique.com\/#\/schema\/logo\/image\/\"},\"sameAs\":[\"https:\/\/www.facebook.com\/profile.php?id=100014698264275\"]}]}<\/script>\n<!-- \/ Yoast SEO plugin. -->","yoast_head_json":{"title":"Vid\u00e9o DVD - ECOLE de DANSE CLASSIQUE de JUVIGNAC","robots":{"index":"index","follow":"follow","max-snippet":"max-snippet:-1","max-image-preview":"max-image-preview:large","max-video-preview":"max-video-preview:-1"},"canonical":"https:\/\/danse-classique.com\/index.php\/gala-2026\/video-dvd\/","og_locale":"fr_FR","og_type":"article","og_title":"Vid\u00e9o DVD - ECOLE de DANSE CLASSIQUE de JUVIGNAC","og_description":"\u00a0 R\u00e9p\u00e9titions\u00a0\u00a0\u00a0 \u00a0 \u00a0\u00a0\u00a0 Costumes\u00a0\u00a0\u00a0 \u00a0 \u00a0\u00a0\u00a0R\u00e9servations\u00a0\u00a0 \u00a0 \u00a0\u00a0\u00a0Organisation\u00a0\u00a0 \u00a0 \u00a0\u00a0 Plan d\u2019acc\u00e8s\u00a0\u00a0\u00a0 \u00a0 \u00a0\u00a0\u00a0 \u00a0Vid\u00e9o DVD\u00a0 \u00a0\u00a0 \u00a0 \u00a0\u00a0Reportage PhotosVIDEO sur DVD du SPECTACLE Votre enfant va participer au spectacle de fin d'ann\u00e9e de l'\u00e9cole. C'est l'occasion de pr\u00e9senter sur sc\u00e8ne et en public le r\u00e9sultat d'une ann\u00e9e de travail. Afin que vous conserviez [&hellip;]","og_url":"https:\/\/danse-classique.com\/index.php\/gala-2026\/video-dvd\/","og_site_name":"ECOLE de DANSE CLASSIQUE de JUVIGNAC","article_publisher":"https:\/\/www.facebook.com\/profile.php?id=100014698264275","article_modified_time":"2022-06-06T16:01:12+00:00","twitter_card":"summary_large_image","twitter_misc":{"Dur\u00e9e de lecture estim\u00e9e":"2 minutes"},"schema":{"@context":"https:\/\/schema.org","@graph":[{"@type":"WebPage","@id":"https:\/\/danse-classique.com\/index.php\/gala-2026\/video-dvd\/","url":"https:\/\/danse-classique.com\/index.php\/gala-2026\/video-dvd\/","name":"Vid\u00e9o DVD - ECOLE de DANSE CLASSIQUE de JUVIGNAC","isPartOf":{"@id":"https:\/\/danse-classique.com\/#website"},"datePublished":"2018-02-06T16:07:36+00:00","dateModified":"2022-06-06T16:01:12+00:00","breadcrumb":{"@id":"https:\/\/danse-classique.com\/index.php\/gala-2026\/video-dvd\/#breadcrumb"},"inLanguage":"fr-FR","potentialAction":[{"@type":"ReadAction","target":["https:\/\/danse-classique.com\/index.php\/gala-2026\/video-dvd\/"]}]},{"@type":"BreadcrumbList","@id":"https:\/\/danse-classique.com\/index.php\/gala-2026\/video-dvd\/#breadcrumb","itemListElement":[{"@type":"ListItem","position":1,"name":"Accueil","item":"https:\/\/danse-classique.com\/"},{"@type":"ListItem","position":2,"name":"Gala 2026","item":"https:\/\/danse-classique.com\/index.php\/gala-2026\/"},{"@type":"ListItem","position":3,"name":"Vid\u00e9o DVD"}]},{"@type":"WebSite","@id":"https:\/\/danse-classique.com\/#website","url":"https:\/\/danse-classique.com\/","name":"ECOLE de DANSE CLASSIQUE de JUVIGNAC","description":"Votre \u00e9cole de Danse depuis 40 ans","publisher":{"@id":"https:\/\/danse-classique.com\/#organization"},"potentialAction":[{"@type":"SearchAction","target":{"@type":"EntryPoint","urlTemplate":"https:\/\/danse-classique.com\/?s={search_term_string}"},"query-input":{"@type":"PropertyValueSpecification","valueRequired":true,"valueName":"search_term_string"}}],"inLanguage":"fr-FR"},{"@type":"Organization","@id":"https:\/\/danse-classique.com\/#organization","name":"ECOLE DE DANSE CLASSQIUE DE JUVIGNAC","url":"https:\/\/danse-classique.com\/","logo":{"@type":"ImageObject","inLanguage":"fr-FR","@id":"https:\/\/danse-classique.com\/#\/schema\/logo\/image\/","url":"https:\/\/danse-classique.com\/wp-content\/uploads\/Photos_Galas\/Gala_2015\/Aladdin\/PL1679.jpg","contentUrl":"https:\/\/danse-classique.com\/wp-content\/uploads\/Photos_Galas\/Gala_2015\/Aladdin\/PL1679.jpg","width":1632,"height":2448,"caption":"ECOLE DE DANSE CLASSQIUE DE JUVIGNAC"},"image":{"@id":"https:\/\/danse-classique.com\/#\/schema\/logo\/image\/"},"sameAs":["https:\/\/www.facebook.com\/profile.php?id=100014698264275"]}]}},"_links":{"self":[{"href":"https:\/\/danse-classique.com\/index.php\/wp-json\/wp\/v2\/pages\/2789","targetHints":{"allow":["GET"]}}],"collection":[{"href":"https:\/\/danse-classique.com\/index.php\/wp-json\/wp\/v2\/pages"}],"about":[{"href":"https:\/\/danse-classique.com\/index.php\/wp-json\/wp\/v2\/types\/page"}],"author":[{"embeddable":true,"href":"https:\/\/danse-classique.com\/index.php\/wp-json\/wp\/v2\/users\/1"}],"replies":[{"embeddable":true,"href":"https:\/\/danse-classique.com\/index.php\/wp-json\/wp\/v2\/comments?post=2789"}],"version-history":[{"count":8,"href":"https:\/\/danse-classique.com\/index.php\/wp-json\/wp\/v2\/pages\/2789\/revisions"}],"predecessor-version":[{"id":18995,"href":"https:\/\/danse-classique.com\/index.php\/wp-json\/wp\/v2\/pages\/2789\/revisions\/18995"}],"up":[{"embeddable":true,"href":"https:\/\/danse-classique.com\/index.php\/wp-json\/wp\/v2\/pages\/2777"}],"wp:attachment":[{"href":"https:\/\/danse-classique.com\/index.php\/wp-json\/wp\/v2\/media?parent=2789"}],"curies":[{"name":"wp","href":"https:\/\/api.w.org\/{rel}","templated":true}]}}