{"id":5448,"date":"2018-08-18T19:41:01","date_gmt":"2018-08-18T17:41:01","guid":{"rendered":"http:\/\/danse-classique.com\/?page_id=5448"},"modified":"2020-04-18T17:58:10","modified_gmt":"2020-04-18T15:58:10","slug":"photos_gala_2018","status":"publish","type":"page","link":"https:\/\/danse-classique.com\/index.php\/galerie-photos\/photos_galas\/photos_gala_2018\/","title":{"rendered":"Photos_gala_2018"},"content":{"rendered":"<p>[et_pb_section fb_built=&#8221;1&#8243; _builder_version=&#8221;3.22&#8243; custom_margin=&#8221;0px||0px|&#8221; custom_padding=&#8221;0px||10px|&#8221;][et_pb_row _builder_version=&#8221;3.25&#8243; custom_margin=&#8221;5px||0px|&#8221; custom_padding=&#8221;5px||0px|&#8221;][et_pb_column type=&#8221;4_4&#8243; _builder_version=&#8221;3.25&#8243; custom_padding=&#8221;|||&#8221; custom_padding__hover=&#8221;|||&#8221;][et_pb_code custom_margin=&#8221;0px|||&#8221; custom_padding=&#8221;0px|||&#8221;]<span><span><a href=\"https:\/\/danse-classique.com\/\">Accueil<\/a><\/span><\/span><!-- [et_pb_line_break_holder] -->[\/et_pb_code][\/et_pb_column][\/et_pb_row][\/et_pb_section][et_pb_section fb_built=&#8221;1&#8243; _builder_version=&#8221;3.22&#8243; custom_margin=&#8221;0px||0px|&#8221; custom_padding=&#8221;0px||0px|&#8221;][et_pb_row _builder_version=&#8221;3.25&#8243; background_size=&#8221;initial&#8221; background_position=&#8221;top_left&#8221; background_repeat=&#8221;repeat&#8221; custom_padding=&#8221;||3px|||&#8221;][et_pb_column type=&#8221;4_4&#8243; _builder_version=&#8221;3.25&#8243; custom_padding=&#8221;|||&#8221; custom_padding__hover=&#8221;|||&#8221;][et_pb_text _builder_version=&#8221;4.4.3&#8243; text_text_color=&#8221;#0c71c3&#8243; text_text_shadow_style=&#8221;preset1&#8243; text_text_shadow_horizontal_length=&#8221;0.26em&#8221; text_text_shadow_vertical_length=&#8221;0.22em&#8221; text_text_shadow_blur_strength=&#8221;0.11em&#8221;]<\/p>\n<h2 style=\"text-align: center;\"><span style=\"color: #000080;\"><strong>GALA ZENITH 2018<\/strong><\/span><\/h2>\n<p>[\/et_pb_text][\/et_pb_column][\/et_pb_row][et_pb_row column_structure=&#8221;1_3,1_3,1_3&#8243; _builder_version=&#8221;3.25&#8243; background_size=&#8221;initial&#8221; background_position=&#8221;top_left&#8221; background_repeat=&#8221;repeat&#8221;][et_pb_column type=&#8221;1_3&#8243; _builder_version=&#8221;3.25&#8243; custom_padding=&#8221;|||&#8221; custom_padding__hover=&#8221;|||&#8221;][et_pb_image src=&#8221;https:\/\/danse-classique.com\/wp-content\/uploads\/Photos_Galas\/Gala_2018\/D\u00e9fil\u00e9\/P1023.jpg&#8221; align_tablet=&#8221;center&#8221; align_phone=&#8221;&#8221; align_last_edited=&#8221;on|desktop&#8221; admin_label=&#8221;Image D\u00e9fil\u00e9&#8221; _builder_version=&#8221;3.23&#8243; box_shadow_style=&#8221;preset2&#8243; box_shadow_color=&#8221;#000000&#8243;]&nbsp;<br \/>\n[\/et_pb_image][et_pb_button button_url=&#8221;https:\/\/danse-classique.com\/index.php\/galerie-photos\/photos_galas\/photos_gala_2018\/photos_gala_2018_partie1\/gala_2018_defile\/&#8221; button_text=&#8221;D\u00e9fil\u00e9 de l&#8217;\u00e9cole&#8221; button_alignment=&#8221;center&#8221; _builder_version=&#8221;3.16&#8243; custom_button=&#8221;on&#8221; button_text_size=&#8221;15px&#8221; button_bg_color=&#8221;#d1d1d1&#8243; button_border_width=&#8221;0px&#8221; button_border_radius=&#8221;9px&#8221; button_letter_spacing=&#8221;0px&#8221; button_font=&#8221;|700|||||||&#8221; button_text_size__hover_enabled=&#8221;off&#8221; button_one_text_size__hover_enabled=&#8221;off&#8221; button_two_text_size__hover_enabled=&#8221;off&#8221; button_text_color__hover_enabled=&#8221;off&#8221; button_one_text_color__hover_enabled=&#8221;off&#8221; button_two_text_color__hover_enabled=&#8221;off&#8221; button_border_width__hover_enabled=&#8221;off&#8221; button_one_border_width__hover_enabled=&#8221;off&#8221; button_two_border_width__hover_enabled=&#8221;off&#8221; button_border_color__hover_enabled=&#8221;off&#8221; button_one_border_color__hover_enabled=&#8221;off&#8221; button_two_border_color__hover_enabled=&#8221;off&#8221; button_border_radius__hover_enabled=&#8221;off&#8221; button_one_border_radius__hover_enabled=&#8221;off&#8221; button_two_border_radius__hover_enabled=&#8221;off&#8221; button_letter_spacing__hover_enabled=&#8221;off&#8221; button_one_letter_spacing__hover_enabled=&#8221;off&#8221; button_two_letter_spacing__hover_enabled=&#8221;off&#8221; button_bg_color__hover_enabled=&#8221;off&#8221; button_one_bg_color__hover_enabled=&#8221;off&#8221; button_two_bg_color__hover_enabled=&#8221;off&#8221;]&nbsp;<br \/>\n[\/et_pb_button][\/et_pb_column][et_pb_column type=&#8221;1_3&#8243; _builder_version=&#8221;3.25&#8243; custom_padding=&#8221;|||&#8221; custom_padding__hover=&#8221;|||&#8221;][et_pb_image src=&#8221;https:\/\/danse-classique.com\/wp-content\/uploads\/Photos_Galas\/Gala_2018\/Courtisanes\/P1823.jpg&#8221; align_tablet=&#8221;center&#8221; align_phone=&#8221;&#8221; align_last_edited=&#8221;on|desktop&#8221; admin_label=&#8221;Image Partie 1&#8243; _builder_version=&#8221;3.23&#8243; box_shadow_style=&#8221;preset2&#8243; box_shadow_color=&#8221;#000000&#8243;]&nbsp;<br \/>\n[\/et_pb_image][et_pb_button button_url=&#8221;https:\/\/danse-classique.com\/index.php\/galerie-photos\/photos_galas\/photos_gala_2018_partie1\/&#8221; button_text=&#8221;1\u00e8re partie : ROMEO &#038; JULIETTE&#8221; button_alignment=&#8221;center&#8221; _builder_version=&#8221;3.16&#8243; custom_button=&#8221;on&#8221; button_text_size=&#8221;15px&#8221; button_bg_color=&#8221;#d1d1d1&#8243; button_border_width=&#8221;0px&#8221; button_border_radius=&#8221;9px&#8221; button_letter_spacing=&#8221;0px&#8221; button_font=&#8221;|700|||||||&#8221; button_text_size__hover_enabled=&#8221;off&#8221; button_one_text_size__hover_enabled=&#8221;off&#8221; button_two_text_size__hover_enabled=&#8221;off&#8221; button_text_color__hover_enabled=&#8221;off&#8221; button_one_text_color__hover_enabled=&#8221;off&#8221; button_two_text_color__hover_enabled=&#8221;off&#8221; button_border_width__hover_enabled=&#8221;off&#8221; button_one_border_width__hover_enabled=&#8221;off&#8221; button_two_border_width__hover_enabled=&#8221;off&#8221; button_border_color__hover_enabled=&#8221;off&#8221; button_one_border_color__hover_enabled=&#8221;off&#8221; button_two_border_color__hover_enabled=&#8221;off&#8221; button_border_radius__hover_enabled=&#8221;off&#8221; button_one_border_radius__hover_enabled=&#8221;off&#8221; button_two_border_radius__hover_enabled=&#8221;off&#8221; button_letter_spacing__hover_enabled=&#8221;off&#8221; button_one_letter_spacing__hover_enabled=&#8221;off&#8221; button_two_letter_spacing__hover_enabled=&#8221;off&#8221; button_bg_color__hover_enabled=&#8221;off&#8221; button_one_bg_color__hover_enabled=&#8221;off&#8221; button_two_bg_color__hover_enabled=&#8221;off&#8221;]&nbsp;<br \/>\n[\/et_pb_button][\/et_pb_column][et_pb_column type=&#8221;1_3&#8243; _builder_version=&#8221;3.25&#8243; custom_padding=&#8221;|||&#8221; custom_padding__hover=&#8221;|||&#8221;][et_pb_image src=&#8221;https:\/\/danse-classique.com\/wp-content\/uploads\/Photos_Galas\/Gala_2018\/Pays_imaginaire\/P3497.jpg&#8221; align_tablet=&#8221;center&#8221; align_phone=&#8221;&#8221; align_last_edited=&#8221;on|desktop&#8221; admin_label=&#8221;Image Partie 2&#8243; _builder_version=&#8221;4.4.3&#8243; hover_enabled=&#8221;0&#8243; box_shadow_style=&#8221;preset2&#8243; box_shadow_color=&#8221;#000000&#8243;]&nbsp;<br \/>\n[\/et_pb_image][et_pb_button button_url=&#8221;https:\/\/danse-classique.com\/index.php\/galerie-photos\/photos_galas\/photos_gala_2018\/photos_gala_2018_partie2\/&#8221; button_text=&#8221;2i\u00e8me partie : Le Pays Imaginaire&#8221; button_alignment=&#8221;center&#8221; _builder_version=&#8221;3.16&#8243; custom_button=&#8221;on&#8221; button_text_size=&#8221;15px&#8221; button_bg_color=&#8221;#d1d1d1&#8243; button_border_width=&#8221;0px&#8221; button_border_radius=&#8221;9px&#8221; button_letter_spacing=&#8221;0px&#8221; button_font=&#8221;|700|||||||&#8221; button_text_size__hover_enabled=&#8221;off&#8221; button_one_text_size__hover_enabled=&#8221;off&#8221; button_two_text_size__hover_enabled=&#8221;off&#8221; button_text_color__hover_enabled=&#8221;off&#8221; button_one_text_color__hover_enabled=&#8221;off&#8221; button_two_text_color__hover_enabled=&#8221;off&#8221; button_border_width__hover_enabled=&#8221;off&#8221; button_one_border_width__hover_enabled=&#8221;off&#8221; button_two_border_width__hover_enabled=&#8221;off&#8221; button_border_color__hover_enabled=&#8221;off&#8221; button_one_border_color__hover_enabled=&#8221;off&#8221; button_two_border_color__hover_enabled=&#8221;off&#8221; button_border_radius__hover_enabled=&#8221;off&#8221; button_one_border_radius__hover_enabled=&#8221;off&#8221; button_two_border_radius__hover_enabled=&#8221;off&#8221; button_letter_spacing__hover_enabled=&#8221;off&#8221; button_one_letter_spacing__hover_enabled=&#8221;off&#8221; button_two_letter_spacing__hover_enabled=&#8221;off&#8221; button_bg_color__hover_enabled=&#8221;off&#8221; button_one_bg_color__hover_enabled=&#8221;off&#8221; button_two_bg_color__hover_enabled=&#8221;off&#8221;]&nbsp;<br \/>\n[\/et_pb_button][\/et_pb_column][\/et_pb_row][\/et_pb_section][et_pb_section fb_built=&#8221;1&#8243; _builder_version=&#8221;3.22&#8243; custom_margin=&#8221;0px|||&#8221; custom_padding=&#8221;0px|||&#8221;][et_pb_row column_structure=&#8221;2_3,1_3&#8243; _builder_version=&#8221;3.25&#8243; background_size=&#8221;initial&#8221; background_position=&#8221;top_left&#8221; background_repeat=&#8221;repeat&#8221;][et_pb_column type=&#8221;2_3&#8243; _builder_version=&#8221;3.25&#8243; custom_padding=&#8221;|||&#8221; custom_padding__hover=&#8221;|||&#8221;][et_pb_text _builder_version=&#8221;3.27.4&#8243; min_height=&#8221;69px&#8221; custom_margin=&#8221;62px|||||&#8221;]<\/p>\n<p style=\"text-align: center;\"><strong>Les photos du Gala seront toujours disponibles au tirage papier :<\/strong><br \/>\n<strong>prendre contact avec le photographe :<\/strong><br \/>\n<strong>ESPOSITO SYLVAIN &#8211; Mas de la vierge 34130 Mauguio<\/strong><br \/>\n<strong>T\u00e9l : 06 09 91 09 60 Email : sylmano@wanadoo.fr<\/strong><\/p>\n<p>[\/et_pb_text][\/et_pb_column][et_pb_column type=&#8221;1_3&#8243; _builder_version=&#8221;3.25&#8243; custom_padding=&#8221;|||&#8221; custom_padding__hover=&#8221;|||&#8221;][et_pb_image src=&#8221;https:\/\/danse-classique.com\/wp-content\/uploads\/Images\/photo.jpg&#8221; align_tablet=&#8221;center&#8221; align_phone=&#8221;&#8221; align_last_edited=&#8221;on|desktop&#8221; _builder_version=&#8221;3.23&#8243;][\/et_pb_image][\/et_pb_column][\/et_pb_row][\/et_pb_section]<\/p>\n","protected":false},"excerpt":{"rendered":"<p><span><span><a href=\"https:\/\/danse-classique.com\/\">Accueil<\/a><\/span><\/span>GALA ZENITH 2018&nbsp; &nbsp; &nbsp; &nbsp; &nbsp; &nbsp; Les photos du Gala seront toujours disponibles au tirage papier : prendre contact avec le photographe : ESPOSITO SYLVAIN &#8211; Mas de la vierge 34130 Mauguio T\u00e9l : 06 09 91 09 60 Email : sylmano@wanadoo.fr<\/p>\n","protected":false},"author":1,"featured_media":0,"parent":128,"menu_order":0,"comment_status":"closed","ping_status":"closed","template":"","meta":{"_et_pb_use_builder":"on","_et_pb_old_content":"","_et_gb_content_width":"","footnotes":""},"class_list":["post-5448","page","type-page","status-publish","hentry"],"yoast_head":"<!-- This site is optimized with the Yoast SEO plugin v23.9 - https:\/\/yoast.com\/wordpress\/plugins\/seo\/ -->\n<title>Photos_gala_2018 - ECOLE de DANSE CLASSIQUE de JUVIGNAC<\/title>\n<meta name=\"robots\" content=\"index, follow, max-snippet:-1, max-image-preview:large, max-video-preview:-1\" \/>\n<link rel=\"canonical\" href=\"https:\/\/danse-classique.com\/index.php\/galerie-photos\/photos_galas\/photos_gala_2018\/\" \/>\n<meta property=\"og:locale\" content=\"fr_FR\" \/>\n<meta property=\"og:type\" content=\"article\" \/>\n<meta property=\"og:title\" content=\"Photos_gala_2018 - ECOLE de DANSE CLASSIQUE de JUVIGNAC\" \/>\n<meta property=\"og:description\" content=\"GALA ZENITH 2018&nbsp; &nbsp; &nbsp; &nbsp; &nbsp; &nbsp; Les photos du Gala seront toujours disponibles au tirage papier : prendre contact avec le photographe : ESPOSITO SYLVAIN - Mas de la vierge 34130 Mauguio T\u00e9l : 06 09 91 09 60 Email : sylmano@wanadoo.fr\" \/>\n<meta property=\"og:url\" content=\"https:\/\/danse-classique.com\/index.php\/galerie-photos\/photos_galas\/photos_gala_2018\/\" \/>\n<meta property=\"og:site_name\" content=\"ECOLE de DANSE CLASSIQUE de JUVIGNAC\" \/>\n<meta property=\"article:publisher\" content=\"https:\/\/www.facebook.com\/profile.php?id=100014698264275\" \/>\n<meta property=\"article:modified_time\" content=\"2020-04-18T15:58:10+00:00\" \/>\n<meta name=\"twitter:card\" content=\"summary_large_image\" \/>\n<meta name=\"twitter:label1\" content=\"Dur\u00e9e de lecture estim\u00e9e\" \/>\n\t<meta name=\"twitter:data1\" content=\"5 minutes\" \/>\n<script type=\"application\/ld+json\" class=\"yoast-schema-graph\">{\"@context\":\"https:\/\/schema.org\",\"@graph\":[{\"@type\":\"WebPage\",\"@id\":\"https:\/\/danse-classique.com\/index.php\/galerie-photos\/photos_galas\/photos_gala_2018\/\",\"url\":\"https:\/\/danse-classique.com\/index.php\/galerie-photos\/photos_galas\/photos_gala_2018\/\",\"name\":\"Photos_gala_2018 - ECOLE de DANSE CLASSIQUE de JUVIGNAC\",\"isPartOf\":{\"@id\":\"https:\/\/danse-classique.com\/#website\"},\"datePublished\":\"2018-08-18T17:41:01+00:00\",\"dateModified\":\"2020-04-18T15:58:10+00:00\",\"breadcrumb\":{\"@id\":\"https:\/\/danse-classique.com\/index.php\/galerie-photos\/photos_galas\/photos_gala_2018\/#breadcrumb\"},\"inLanguage\":\"fr-FR\",\"potentialAction\":[{\"@type\":\"ReadAction\",\"target\":[\"https:\/\/danse-classique.com\/index.php\/galerie-photos\/photos_galas\/photos_gala_2018\/\"]}]},{\"@type\":\"BreadcrumbList\",\"@id\":\"https:\/\/danse-classique.com\/index.php\/galerie-photos\/photos_galas\/photos_gala_2018\/#breadcrumb\",\"itemListElement\":[{\"@type\":\"ListItem\",\"position\":1,\"name\":\"Accueil\",\"item\":\"https:\/\/danse-classique.com\/\"},{\"@type\":\"ListItem\",\"position\":2,\"name\":\"Galerie Photos\",\"item\":\"https:\/\/danse-classique.com\/index.php\/galerie-photos\/\"},{\"@type\":\"ListItem\",\"position\":3,\"name\":\"Photos_Galas\",\"item\":\"https:\/\/danse-classique.com\/index.php\/galerie-photos\/photos_galas\/\"},{\"@type\":\"ListItem\",\"position\":4,\"name\":\"Photos Gala 2018\"}]},{\"@type\":\"WebSite\",\"@id\":\"https:\/\/danse-classique.com\/#website\",\"url\":\"https:\/\/danse-classique.com\/\",\"name\":\"ECOLE de DANSE CLASSIQUE de JUVIGNAC\",\"description\":\"Votre \u00e9cole de Danse depuis 40 ans\",\"publisher\":{\"@id\":\"https:\/\/danse-classique.com\/#organization\"},\"potentialAction\":[{\"@type\":\"SearchAction\",\"target\":{\"@type\":\"EntryPoint\",\"urlTemplate\":\"https:\/\/danse-classique.com\/?s={search_term_string}\"},\"query-input\":{\"@type\":\"PropertyValueSpecification\",\"valueRequired\":true,\"valueName\":\"search_term_string\"}}],\"inLanguage\":\"fr-FR\"},{\"@type\":\"Organization\",\"@id\":\"https:\/\/danse-classique.com\/#organization\",\"name\":\"ECOLE DE DANSE CLASSQIUE DE JUVIGNAC\",\"url\":\"https:\/\/danse-classique.com\/\",\"logo\":{\"@type\":\"ImageObject\",\"inLanguage\":\"fr-FR\",\"@id\":\"https:\/\/danse-classique.com\/#\/schema\/logo\/image\/\",\"url\":\"https:\/\/danse-classique.com\/wp-content\/uploads\/Photos_Galas\/Gala_2015\/Aladdin\/PL1679.jpg\",\"contentUrl\":\"https:\/\/danse-classique.com\/wp-content\/uploads\/Photos_Galas\/Gala_2015\/Aladdin\/PL1679.jpg\",\"width\":1632,\"height\":2448,\"caption\":\"ECOLE DE DANSE CLASSQIUE DE JUVIGNAC\"},\"image\":{\"@id\":\"https:\/\/danse-classique.com\/#\/schema\/logo\/image\/\"},\"sameAs\":[\"https:\/\/www.facebook.com\/profile.php?id=100014698264275\"]}]}<\/script>\n<!-- \/ Yoast SEO plugin. -->","yoast_head_json":{"title":"Photos_gala_2018 - ECOLE de DANSE CLASSIQUE de JUVIGNAC","robots":{"index":"index","follow":"follow","max-snippet":"max-snippet:-1","max-image-preview":"max-image-preview:large","max-video-preview":"max-video-preview:-1"},"canonical":"https:\/\/danse-classique.com\/index.php\/galerie-photos\/photos_galas\/photos_gala_2018\/","og_locale":"fr_FR","og_type":"article","og_title":"Photos_gala_2018 - ECOLE de DANSE CLASSIQUE de JUVIGNAC","og_description":"GALA ZENITH 2018&nbsp; &nbsp; &nbsp; &nbsp; &nbsp; &nbsp; Les photos du Gala seront toujours disponibles au tirage papier : prendre contact avec le photographe : ESPOSITO SYLVAIN - Mas de la vierge 34130 Mauguio T\u00e9l : 06 09 91 09 60 Email : sylmano@wanadoo.fr","og_url":"https:\/\/danse-classique.com\/index.php\/galerie-photos\/photos_galas\/photos_gala_2018\/","og_site_name":"ECOLE de DANSE CLASSIQUE de JUVIGNAC","article_publisher":"https:\/\/www.facebook.com\/profile.php?id=100014698264275","article_modified_time":"2020-04-18T15:58:10+00:00","twitter_card":"summary_large_image","twitter_misc":{"Dur\u00e9e de lecture estim\u00e9e":"5 minutes"},"schema":{"@context":"https:\/\/schema.org","@graph":[{"@type":"WebPage","@id":"https:\/\/danse-classique.com\/index.php\/galerie-photos\/photos_galas\/photos_gala_2018\/","url":"https:\/\/danse-classique.com\/index.php\/galerie-photos\/photos_galas\/photos_gala_2018\/","name":"Photos_gala_2018 - ECOLE de DANSE CLASSIQUE de JUVIGNAC","isPartOf":{"@id":"https:\/\/danse-classique.com\/#website"},"datePublished":"2018-08-18T17:41:01+00:00","dateModified":"2020-04-18T15:58:10+00:00","breadcrumb":{"@id":"https:\/\/danse-classique.com\/index.php\/galerie-photos\/photos_galas\/photos_gala_2018\/#breadcrumb"},"inLanguage":"fr-FR","potentialAction":[{"@type":"ReadAction","target":["https:\/\/danse-classique.com\/index.php\/galerie-photos\/photos_galas\/photos_gala_2018\/"]}]},{"@type":"BreadcrumbList","@id":"https:\/\/danse-classique.com\/index.php\/galerie-photos\/photos_galas\/photos_gala_2018\/#breadcrumb","itemListElement":[{"@type":"ListItem","position":1,"name":"Accueil","item":"https:\/\/danse-classique.com\/"},{"@type":"ListItem","position":2,"name":"Galerie Photos","item":"https:\/\/danse-classique.com\/index.php\/galerie-photos\/"},{"@type":"ListItem","position":3,"name":"Photos_Galas","item":"https:\/\/danse-classique.com\/index.php\/galerie-photos\/photos_galas\/"},{"@type":"ListItem","position":4,"name":"Photos Gala 2018"}]},{"@type":"WebSite","@id":"https:\/\/danse-classique.com\/#website","url":"https:\/\/danse-classique.com\/","name":"ECOLE de DANSE CLASSIQUE de JUVIGNAC","description":"Votre \u00e9cole de Danse depuis 40 ans","publisher":{"@id":"https:\/\/danse-classique.com\/#organization"},"potentialAction":[{"@type":"SearchAction","target":{"@type":"EntryPoint","urlTemplate":"https:\/\/danse-classique.com\/?s={search_term_string}"},"query-input":{"@type":"PropertyValueSpecification","valueRequired":true,"valueName":"search_term_string"}}],"inLanguage":"fr-FR"},{"@type":"Organization","@id":"https:\/\/danse-classique.com\/#organization","name":"ECOLE DE DANSE CLASSQIUE DE JUVIGNAC","url":"https:\/\/danse-classique.com\/","logo":{"@type":"ImageObject","inLanguage":"fr-FR","@id":"https:\/\/danse-classique.com\/#\/schema\/logo\/image\/","url":"https:\/\/danse-classique.com\/wp-content\/uploads\/Photos_Galas\/Gala_2015\/Aladdin\/PL1679.jpg","contentUrl":"https:\/\/danse-classique.com\/wp-content\/uploads\/Photos_Galas\/Gala_2015\/Aladdin\/PL1679.jpg","width":1632,"height":2448,"caption":"ECOLE DE DANSE CLASSQIUE DE JUVIGNAC"},"image":{"@id":"https:\/\/danse-classique.com\/#\/schema\/logo\/image\/"},"sameAs":["https:\/\/www.facebook.com\/profile.php?id=100014698264275"]}]}},"_links":{"self":[{"href":"https:\/\/danse-classique.com\/index.php\/wp-json\/wp\/v2\/pages\/5448","targetHints":{"allow":["GET"]}}],"collection":[{"href":"https:\/\/danse-classique.com\/index.php\/wp-json\/wp\/v2\/pages"}],"about":[{"href":"https:\/\/danse-classique.com\/index.php\/wp-json\/wp\/v2\/types\/page"}],"author":[{"embeddable":true,"href":"https:\/\/danse-classique.com\/index.php\/wp-json\/wp\/v2\/users\/1"}],"replies":[{"embeddable":true,"href":"https:\/\/danse-classique.com\/index.php\/wp-json\/wp\/v2\/comments?post=5448"}],"version-history":[{"count":15,"href":"https:\/\/danse-classique.com\/index.php\/wp-json\/wp\/v2\/pages\/5448\/revisions"}],"predecessor-version":[{"id":10763,"href":"https:\/\/danse-classique.com\/index.php\/wp-json\/wp\/v2\/pages\/5448\/revisions\/10763"}],"up":[{"embeddable":true,"href":"https:\/\/danse-classique.com\/index.php\/wp-json\/wp\/v2\/pages\/128"}],"wp:attachment":[{"href":"https:\/\/danse-classique.com\/index.php\/wp-json\/wp\/v2\/media?parent=5448"}],"curies":[{"name":"wp","href":"https:\/\/api.w.org\/{rel}","templated":true}]}}